{"id":85,"date":"2022-02-01T10:27:25","date_gmt":"2022-02-01T10:27:25","guid":{"rendered":"https:\/\/linagames.de\/?page_id=85"},"modified":"2026-04-24T10:59:32","modified_gmt":"2026-04-24T10:59:32","slug":"stadtpunkt","status":"publish","type":"page","link":"https:\/\/linagames.de\/index.php\/stadtpunkt\/","title":{"rendered":"Stadtpunkt"},"content":{"rendered":"<p>[et_pb_section fb_built=&#8221;1&#8243; admin_label=&#8221;Hero&#8221; _builder_version=&#8221;4.16&#8243; background_color=&#8221;rgba(12,113,195,0.55)&#8221; use_background_color_gradient=&#8221;on&#8221; background_color_gradient_direction=&#8221;271deg&#8221; background_color_gradient_stops=&#8221;#2b87da 0%|#165d8c 100%&#8221; background_color_gradient_end=&#8221;#165d8c&#8221; background_image=&#8221;https:\/\/linagames.de\/wp-content\/uploads\/2022\/02\/Background_Header-scaled.jpg&#8221; background_blend=&#8221;multiply&#8221; locked=&#8221;off&#8221; global_colors_info=&#8221;{}&#8221;][et_pb_row make_equal=&#8221;on&#8221; _builder_version=&#8221;4.16&#8243; background_size=&#8221;initial&#8221; background_position=&#8221;top_left&#8221; background_repeat=&#8221;repeat&#8221; width=&#8221;100%&#8221; max_width=&#8221;100%&#8221; custom_margin=&#8221;|||&#8221; custom_padding=&#8221;|||&#8221; use_custom_width=&#8221;on&#8221; width_unit=&#8221;off&#8221; custom_width_percent=&#8221;100%&#8221; global_colors_info=&#8221;{}&#8221;][et_pb_column type=&#8221;4_4&#8243; _builder_version=&#8221;4.16&#8243; custom_padding=&#8221;60px|0px|100px||false|false&#8221; custom_padding_tablet=&#8221;20px|10%|0px|10%&#8221; custom_padding_phone=&#8221;20px|10%|0px|10%&#8221; custom_padding_last_edited=&#8221;on|desktop&#8221; global_colors_info=&#8221;{}&#8221; custom_padding__hover=&#8221;|||&#8221;][et_pb_text _builder_version=&#8221;4.16&#8243; _module_preset=&#8221;default&#8221; text_font=&#8221;Montserrat|900|||||||&#8221; text_text_color=&#8221;#FFFFFF&#8221; text_font_size=&#8221;62px&#8221; text_line_height=&#8221;0.2em&#8221; text_orientation=&#8221;center&#8221; custom_margin=&#8221;50px||||false|false&#8221; text_font_size_tablet=&#8221;62px&#8221; text_font_size_phone=&#8221;40px&#8221; text_font_size_last_edited=&#8221;on|phone&#8221; global_colors_info=&#8221;{}&#8221;]<\/p>\n<p><b>STADTPUNKT<\/b><\/p>\n<p>[\/et_pb_text][et_pb_divider color=&#8221;#79c9d2&#8243; divider_position=&#8221;center&#8221; divider_weight=&#8221;7px&#8221; _builder_version=&#8221;4.16&#8243; max_width=&#8221;90px&#8221; max_width_tablet=&#8221;13%&#8221; max_width_last_edited=&#8221;off|desktop&#8221; module_alignment=&#8221;center&#8221; custom_margin=&#8221;15px|||&#8221; custom_padding=&#8221;|||&#8221; locked=&#8221;off&#8221; global_colors_info=&#8221;{}&#8221;][\/et_pb_divider][\/et_pb_column][\/et_pb_row][\/et_pb_section][et_pb_section fb_built=&#8221;1&#8243; admin_label=&#8221;About&#8221; _builder_version=&#8221;4.16&#8243; custom_padding=&#8221;100px|0px|100px|0px&#8221; locked=&#8221;off&#8221; global_colors_info=&#8221;{}&#8221;][et_pb_row column_structure=&#8221;1_2,1_2&#8243; _builder_version=&#8221;4.16&#8243; _module_preset=&#8221;default&#8221; global_colors_info=&#8221;{}&#8221;][et_pb_column type=&#8221;1_2&#8243; _builder_version=&#8221;4.16&#8243; _module_preset=&#8221;default&#8221; global_colors_info=&#8221;{}&#8221;][et_pb_image src=&#8221;https:\/\/linagames.de\/wp-content\/uploads\/2022\/05\/Stadtpunkt_Bamberg.jpg&#8221; title_text=&#8221;Stadtpunkt_Bamberg&#8221; _builder_version=&#8221;4.16&#8243; _module_preset=&#8221;default&#8221; global_colors_info=&#8221;{}&#8221;][\/et_pb_image][et_pb_text _builder_version=&#8221;4.16&#8243; _module_preset=&#8221;default&#8221; text_font=&#8221;Montserrat|700|||||||&#8221; text_font_size=&#8221;30px&#8221; text_line_height=&#8221;1.2em&#8221; global_colors_info=&#8221;{}&#8221;]<\/p>\n<p>Inhalt:<\/p>\n<p>[\/et_pb_text][et_pb_text admin_label=&#8221;description&#8221; _builder_version=&#8221;4.16&#8243; text_font=&#8221;||||||||&#8221; text_font_size=&#8221;16px&#8221; text_line_height=&#8221;1.8em&#8221; max_width_tablet=&#8221;89%&#8221; max_width_phone=&#8221;97%&#8221; max_width_last_edited=&#8221;off|desktop&#8221; custom_margin=&#8221;30px|||&#8221; custom_padding=&#8221;|||&#8221; global_colors_info=&#8221;{}&#8221;]<\/p>\n<ul>\n<li>1 Spielplatte<\/li>\n<li>1 W\u00fcrfel<\/li>\n<li>4 x 2 Spielfiguren<\/li>\n<li>100 Quizkarten<\/li>\n<li>30 Spezial Quizkarten<\/li>\n<li>20 &#8220;Wusstest du&#8230;.&#8221; Karten<\/li>\n<li>20 Aktionskarten f\u00fcr Gl\u00fcck und Geschick<\/li>\n<li>1 Begleitheft im A5 Hochformat<\/li>\n<\/ul>\n<p>[\/et_pb_text][\/et_pb_column][et_pb_column type=&#8221;1_2&#8243; _builder_version=&#8221;4.16&#8243; _module_preset=&#8221;default&#8221; global_colors_info=&#8221;{}&#8221;][et_pb_text _builder_version=&#8221;4.16&#8243; _module_preset=&#8221;default&#8221; text_font=&#8221;Montserrat|700|||||||&#8221; text_font_size=&#8221;30px&#8221; text_line_height=&#8221;1.2em&#8221; global_colors_info=&#8221;{}&#8221;]<\/p>\n<p>Einen Schritt voraus<\/p>\n<p>[\/et_pb_text][et_pb_text admin_label=&#8221;description&#8221; _builder_version=&#8221;4.16&#8243; text_font=&#8221;||||||||&#8221; text_font_size=&#8221;16px&#8221; text_line_height=&#8221;1.8em&#8221; max_width_tablet=&#8221;89%&#8221; max_width_phone=&#8221;97%&#8221; max_width_last_edited=&#8221;off|desktop&#8221; custom_margin=&#8221;30px|||&#8221; custom_padding=&#8221;|||&#8221; global_colors_info=&#8221;{}&#8221;]<\/p>\n<p><span>Es muss nicht immer ein Flyer oder Brosch\u00fcre sein! Diese Medien haben den Nachteil, dass Sie nach k\u00fcrzester Zeit in Vergessenheit geraten. Wir bieten Ihnen ein Medium, welches nachhaltig wirkt. Nutzen Sie die M\u00f6glichkeit und heben sich von der Menge ab, gehen Sie als Unternehmer einen Schritt voraus. Mit dieser Art von Pr\u00e4sentation bleiben Sie in aller Munde!<\/span><\/p>\n<p>[\/et_pb_text][et_pb_text _builder_version=&#8221;4.16&#8243; _module_preset=&#8221;default&#8221; text_font=&#8221;Montserrat|700|||||||&#8221; text_font_size=&#8221;30px&#8221; text_line_height=&#8221;1.2em&#8221; global_colors_info=&#8221;{}&#8221;]<\/p>\n<p>Das Spielbrett<\/p>\n<p>[\/et_pb_text][et_pb_text admin_label=&#8221;description&#8221; _builder_version=&#8221;4.16&#8243; text_font=&#8221;||||||||&#8221; text_font_size=&#8221;16px&#8221; text_line_height=&#8221;1.8em&#8221; max_width_tablet=&#8221;89%&#8221; max_width_phone=&#8221;97%&#8221; max_width_last_edited=&#8221;off|desktop&#8221; custom_margin=&#8221;30px|||&#8221; custom_padding=&#8221;|||&#8221; global_colors_info=&#8221;{}&#8221;]<\/p>\n<p><span>Jetzt bekommen Sie eine au\u00dfergew\u00f6hnliche M\u00f6glichkeit der Werbung. Sie erscheinen mit bis zu 19 weiteren lokalen Firmen auf einem Spielbrett. Das Spiel bindet in Kombination mit Quizfragen \u00fcber den Standort, Ihre Werbung ein. Die Spiele werden in ans\u00e4ssigen Gesch\u00e4ften verkauft und oft als Pr\u00e4sent an Kunden und Mitarbeiter verschenkt. Machen Sie mit!<\/span><\/p>\n<p>[\/et_pb_text][et_pb_text _builder_version=&#8221;4.16&#8243; _module_preset=&#8221;default&#8221; text_font=&#8221;Montserrat|700|||||||&#8221; text_font_size=&#8221;30px&#8221; text_line_height=&#8221;1.2em&#8221; global_colors_info=&#8221;{}&#8221;]<\/p>\n<p>Ihre Vorteile<\/p>\n<p>[\/et_pb_text][et_pb_text admin_label=&#8221;description&#8221; _builder_version=&#8221;4.16&#8243; text_font=&#8221;||||||||&#8221; text_font_size=&#8221;16px&#8221; text_line_height=&#8221;1.8em&#8221; max_width_tablet=&#8221;89%&#8221; max_width_phone=&#8221;97%&#8221; max_width_last_edited=&#8221;off|desktop&#8221; custom_margin=&#8221;30px|||&#8221; custom_padding=&#8221;|||&#8221; global_colors_info=&#8221;{}&#8221;]<\/p>\n<p><span>Besonders interessant f\u00fcr unsere Kunden ist dabei die Frage zur Firma: Die Fragen werden so gew\u00e4hlt, dass der Nutzer Ihre Website, welche bereits \u00fcber Ihr Logo verlinkt ist, aufrufen muss um Sie zu beantworten. Das kann z.B. durch das Fragen nach einer Farbe, einem Schriftzug oder einem Bild auf Ihrer Seite sein. Durch das Suchen besch\u00e4ftigt sich der Nutzer gleichzeitig mit ihren Inhalten und kann so auf ihre Produktpalette aufmerksam gemacht werden.<\/span><\/p>\n<p>[\/et_pb_text][\/et_pb_column][\/et_pb_row][\/et_pb_section][et_pb_section fb_built=&#8221;1&#8243; admin_label=&#8221;Section 2 &#8211; Speakers&#8221; _builder_version=&#8221;4.16&#8243; background_color=&#8221;#f5f9fb&#8221; max_height=&#8221;107px&#8221; custom_padding=&#8221;100px|0px|100px|0px&#8221; locked=&#8221;off&#8221; global_colors_info=&#8221;{}&#8221;][\/et_pb_section][et_pb_section fb_built=&#8221;1&#8243; admin_label=&#8221;About&#8221; _builder_version=&#8221;4.16&#8243; custom_padding=&#8221;100px|0px|100px|0px&#8221; locked=&#8221;off&#8221; global_colors_info=&#8221;{}&#8221;][et_pb_row _builder_version=&#8221;4.16&#8243; _module_preset=&#8221;default&#8221; global_colors_info=&#8221;{}&#8221;][et_pb_column type=&#8221;4_4&#8243; _builder_version=&#8221;4.16&#8243; _module_preset=&#8221;default&#8221; global_colors_info=&#8221;{}&#8221;][et_pb_text _builder_version=&#8221;4.16&#8243; _module_preset=&#8221;default&#8221; text_font=&#8221;Montserrat|700|||||||&#8221; text_font_size=&#8221;50px&#8221; text_line_height=&#8221;1.2em&#8221; text_orientation=&#8221;center&#8221; text_font_size_tablet=&#8221;50px&#8221; text_font_size_phone=&#8221;40px&#8221; text_font_size_last_edited=&#8221;on|phone&#8221; global_colors_info=&#8221;{}&#8221;]<\/p>\n<p>Spielablauf<\/p>\n<p>[\/et_pb_text][et_pb_divider color=&#8221;#7ac8d2&#8243; divider_position=&#8221;center&#8221; divider_weight=&#8221;3px&#8221; _builder_version=&#8221;4.16&#8243; max_width=&#8221;90px&#8221; max_width_tablet=&#8221;13%&#8221; max_width_last_edited=&#8221;off|desktop&#8221; module_alignment=&#8221;center&#8221; custom_margin=&#8221;15px|||&#8221; custom_padding=&#8221;|||&#8221; global_colors_info=&#8221;{}&#8221;][\/et_pb_divider][\/et_pb_column][\/et_pb_row][et_pb_row column_structure=&#8221;1_3,1_3,1_3&#8243; _builder_version=&#8221;4.16&#8243; _module_preset=&#8221;default&#8221; global_colors_info=&#8221;{}&#8221;][et_pb_column type=&#8221;1_3&#8243; _builder_version=&#8221;4.16&#8243; _module_preset=&#8221;default&#8221; global_colors_info=&#8221;{}&#8221;][et_pb_text admin_label=&#8221;description&#8221; _builder_version=&#8221;4.16&#8243; text_font=&#8221;||||||||&#8221; text_font_size=&#8221;16px&#8221; text_line_height=&#8221;1.8em&#8221; max_width_tablet=&#8221;89%&#8221; max_width_phone=&#8221;97%&#8221; max_width_last_edited=&#8221;off|desktop&#8221; custom_margin=&#8221;30px|||&#8221; custom_padding=&#8221;|||&#8221; locked=&#8221;off&#8221; global_colors_info=&#8221;{}&#8221;]<\/p>\n<p><span>Ein unterhaltsames Quiz &#8211; Wissensspiel, welches aus allgemeinen, Kinder-, Stadt- und Firmenfragen besteht. Zu jeder Frage gibt es 3 Antwortm\u00f6glichkeiten, nur eine davon ist nat\u00fcrlich korrekt. Bei einer richtigen Antwort gibt es Punkte. Ziel des Spiels ist es den StadtPunkt so oft wie m\u00f6glich zu erreichen.<\/span><\/p>\n<p>[\/et_pb_text][et_pb_image src=&#8221;https:\/\/linagames.de\/wp-content\/uploads\/2022\/02\/spezial_quizfragen.png&#8221; title_text=&#8221;spezial_quizfragen&#8221; _builder_version=&#8221;4.16&#8243; _module_preset=&#8221;default&#8221; global_colors_info=&#8221;{}&#8221;][\/et_pb_image][et_pb_text admin_label=&#8221;description&#8221; _builder_version=&#8221;4.16&#8243; text_font=&#8221;||||||||&#8221; text_font_size=&#8221;16px&#8221; text_line_height=&#8221;1.8em&#8221; max_width_tablet=&#8221;89%&#8221; max_width_phone=&#8221;97%&#8221; max_width_last_edited=&#8221;off|desktop&#8221; custom_margin=&#8221;30px|||&#8221; custom_padding=&#8221;|||&#8221; locked=&#8221;off&#8221; global_colors_info=&#8221;{}&#8221;]<\/p>\n<p><span>Sie haben die M\u00f6glichkeit zwischen 3 und 5 Fragen \u00fcber Ihre Firma ins Spiel zu bringen. Diese d\u00fcrfen Sie sich selber ausdenken. Somit sind Sie nicht nur \u00bboptisch\u00ab vertreten, sondern auch \u00bbakustisch\u00ab. Die Spieler m\u00fcssen, um Punkte zu gewinnen, Fragen \u00fcber ihre Firma beantworten.<\/span><\/p>\n<p>[\/et_pb_text][\/et_pb_column][et_pb_column type=&#8221;1_3&#8243; _builder_version=&#8221;4.16&#8243; _module_preset=&#8221;default&#8221; global_colors_info=&#8221;{}&#8221;][et_pb_image src=&#8221;https:\/\/linagames.de\/wp-content\/uploads\/2022\/02\/aktionskarte.png&#8221; title_text=&#8221;aktionskarte&#8221; _builder_version=&#8221;4.16&#8243; _module_preset=&#8221;default&#8221; global_colors_info=&#8221;{}&#8221;][\/et_pb_image][et_pb_text admin_label=&#8221;description&#8221; _builder_version=&#8221;4.16&#8243; text_font=&#8221;||||||||&#8221; text_font_size=&#8221;16px&#8221; text_line_height=&#8221;1.8em&#8221; max_width_tablet=&#8221;89%&#8221; max_width_phone=&#8221;97%&#8221; max_width_last_edited=&#8221;off|desktop&#8221; custom_margin=&#8221;30px|||&#8221; custom_padding=&#8221;|||&#8221; locked=&#8221;off&#8221; global_colors_info=&#8221;{}&#8221;]<\/p>\n<p><span>Noch lebhafter wird das Spiel durch den Aktionsteil. Die Spieler erf\u00fcllen neben dem Quiz-Wissensteil besondere und verschiedene \u00bbk\u00f6rperliche\u00ab Aufgaben.<\/span><\/p>\n<p>[\/et_pb_text][et_pb_image src=&#8221;https:\/\/linagames.de\/wp-content\/uploads\/2022\/02\/wusstest_Du_dass_KART1.png&#8221; title_text=&#8221;wusstest_Du_dass_KART1&#8243; _builder_version=&#8221;4.16&#8243; _module_preset=&#8221;default&#8221; global_colors_info=&#8221;{}&#8221;][\/et_pb_image][\/et_pb_column][et_pb_column type=&#8221;1_3&#8243; _builder_version=&#8221;4.16&#8243; _module_preset=&#8221;default&#8221; global_colors_info=&#8221;{}&#8221;][et_pb_text admin_label=&#8221;description&#8221; _builder_version=&#8221;4.16&#8243; text_font=&#8221;||||||||&#8221; text_font_size=&#8221;16px&#8221; text_line_height=&#8221;1.8em&#8221; max_width_tablet=&#8221;89%&#8221; max_width_phone=&#8221;97%&#8221; max_width_last_edited=&#8221;off|desktop&#8221; custom_margin=&#8221;30px|||&#8221; custom_padding=&#8221;|||&#8221; locked=&#8221;off&#8221; global_colors_info=&#8221;{}&#8221;]<\/p>\n<p><span>Die Herausstellung und Werbewirksamkeit Ihres Unternehmens erfolgt auf dreierlei Art: <\/span><span>Auf der Spielfl\u00e4che wird Ihr Firmenname unter einem Feld mit der Darstellung einer markanten Sehensw\u00fcrdigkeit der Stadt positioniert. Das Firmenlogo wird im Begleitheft zum Spiel (DINA5 Brosch\u00fcre) mit einem Vorstellungstext Ihres Unternehmens gedruckt, sowie auch auf einer der interessanten \u00bbwusstest Du, dass &#8230;\u00ab Karten (Kartenr\u00fcckseite) aufgebracht. In den \u00bbwusstest Du, dass &#8230;\u00ab Karten werden Besonderheiten aus der Stadt nochmals hervorgehoben.<\/span><\/p>\n<p>[\/et_pb_text][et_pb_image src=&#8221;https:\/\/linagames.de\/wp-content\/uploads\/2022\/02\/wusstest_Du_dass_KART2-1.png&#8221; title_text=&#8221;wusstest_Du_dass_KART2&#8243; _builder_version=&#8221;4.16&#8243; _module_preset=&#8221;default&#8221; global_colors_info=&#8221;{}&#8221;][\/et_pb_image][\/et_pb_column][\/et_pb_row][\/et_pb_section][et_pb_section fb_built=&#8221;1&#8243; _builder_version=&#8221;4.16&#8243; _module_preset=&#8221;default&#8221; global_colors_info=&#8221;{}&#8221;][et_pb_row column_structure=&#8221;1_2,1_2&#8243; _builder_version=&#8221;4.16&#8243; _module_preset=&#8221;default&#8221; global_colors_info=&#8221;{}&#8221;][et_pb_column type=&#8221;1_2&#8243; _builder_version=&#8221;4.16&#8243; _module_preset=&#8221;default&#8221; global_colors_info=&#8221;{}&#8221;][et_pb_text _builder_version=&#8221;4.16&#8243; _module_preset=&#8221;default&#8221; text_font=&#8221;Montserrat|700|||||||&#8221; text_font_size=&#8221;30px&#8221; text_line_height=&#8221;1.2em&#8221; locked=&#8221;off&#8221; global_colors_info=&#8221;{}&#8221;]<\/p>\n<p>Begleitheft zum Spiel<\/p>\n<p>[\/et_pb_text][et_pb_image src=&#8221;https:\/\/linagames.de\/wp-content\/uploads\/2022\/02\/Nowusgames_Begleithefte_Brettspiele.jpg&#8221; title_text=&#8221;Nowusgames_Begleithefte_Brettspiele&#8221; _builder_version=&#8221;4.16&#8243; _module_preset=&#8221;default&#8221; global_colors_info=&#8221;{}&#8221;][\/et_pb_image][\/et_pb_column][et_pb_column type=&#8221;1_2&#8243; _builder_version=&#8221;4.16&#8243; _module_preset=&#8221;default&#8221; global_colors_info=&#8221;{}&#8221;][et_pb_text _builder_version=&#8221;4.16&#8243; _module_preset=&#8221;default&#8221; text_font=&#8221;Montserrat|700|||||||&#8221; text_font_size=&#8221;30px&#8221; text_line_height=&#8221;1.2em&#8221; locked=&#8221;off&#8221; global_colors_info=&#8221;{}&#8221;]<\/p>\n<p>Einige Stadtpunkt Spiele<\/p>\n<p>[\/et_pb_text][et_pb_image src=&#8221;https:\/\/linagames.de\/wp-content\/uploads\/2022\/02\/stadtpunkt_regal2.jpg&#8221; title_text=&#8221;stadtpunkt_regal2&#8243; _builder_version=&#8221;4.16&#8243; _module_preset=&#8221;default&#8221; global_colors_info=&#8221;{}&#8221;][\/et_pb_image][\/et_pb_column][\/et_pb_row][\/et_pb_section][et_pb_section fb_built=&#8221;1&#8243; admin_label=&#8221;About&#8221; _builder_version=&#8221;4.16&#8243; custom_padding=&#8221;100px|0px|100px|0px&#8221; locked=&#8221;off&#8221; global_colors_info=&#8221;{}&#8221;][et_pb_row _builder_version=&#8221;4.16&#8243; _module_preset=&#8221;default&#8221; global_colors_info=&#8221;{}&#8221;][et_pb_column type=&#8221;4_4&#8243; _builder_version=&#8221;4.16&#8243; _module_preset=&#8221;default&#8221; global_colors_info=&#8221;{}&#8221;][et_pb_text _builder_version=&#8221;4.16&#8243; _module_preset=&#8221;default&#8221; text_font=&#8221;Montserrat|700|||||||&#8221; text_font_size=&#8221;50px&#8221; text_line_height=&#8221;1.2em&#8221; text_orientation=&#8221;center&#8221; text_font_size_tablet=&#8221;50px&#8221; text_font_size_phone=&#8221;40px&#8221; text_font_size_last_edited=&#8221;on|phone&#8221; global_colors_info=&#8221;{}&#8221;]<\/p>\n<p>Informationen zur Teilnahme<\/p>\n<p>[\/et_pb_text][et_pb_divider color=&#8221;#7ac8d2&#8243; divider_position=&#8221;center&#8221; divider_weight=&#8221;3px&#8221; _builder_version=&#8221;4.16&#8243; max_width=&#8221;90px&#8221; max_width_tablet=&#8221;13%&#8221; max_width_last_edited=&#8221;off|desktop&#8221; module_alignment=&#8221;center&#8221; custom_margin=&#8221;15px|||&#8221; custom_padding=&#8221;|||&#8221; global_colors_info=&#8221;{}&#8221;][\/et_pb_divider][\/et_pb_column][\/et_pb_row][et_pb_row _builder_version=&#8221;4.16&#8243; _module_preset=&#8221;default&#8221; global_colors_info=&#8221;{}&#8221;][et_pb_column type=&#8221;4_4&#8243; _builder_version=&#8221;4.16&#8243; _module_preset=&#8221;default&#8221; global_colors_info=&#8221;{}&#8221;][et_pb_text admin_label=&#8221;description&#8221; _builder_version=&#8221;4.24.2&#8243; text_font=&#8221;||||||||&#8221; text_font_size=&#8221;16px&#8221; text_line_height=&#8221;1.8em&#8221; max_width_tablet=&#8221;89%&#8221; max_width_phone=&#8221;97%&#8221; max_width_last_edited=&#8221;off|desktop&#8221; custom_margin=&#8221;30px|||&#8221; custom_padding=&#8221;|||&#8221; hover_enabled=&#8221;0&#8243; locked=&#8221;off&#8221; global_colors_info=&#8221;{}&#8221; sticky_enabled=&#8221;0&#8243;]<\/p>\n<p><span>Es gelten unsere\u00a0<\/span><a href=\"https:\/\/linagames.de\/index.php\/agbs\/\" title=\"Agbs\">allgemeinen Gesch\u00e4ftsbedingungen<span>.<\/span><\/a><\/p>\n<p>Der Vertrag f\u00fcr die Teilnahme an einem StadtPunkt Spiel wird f\u00fcr eine feste Laufzeit geschlossen (3 Jahre, 5 Jahre oder 7 Jahre), sofern keine anderslautende Laufzeit vertraglich vereinbart wurde. Die Laufzeit des Vertrages\/der Teilnahme an einem StadtPunkt Spiel verl\u00e4ngert sich nicht automatisch.<\/p>\n<p>[\/et_pb_text][\/et_pb_column][\/et_pb_row][\/et_pb_section]<\/p>\n","protected":false},"excerpt":{"rendered":"<p>STADTPUNKTInhalt: 1 Spielplatte 1 W\u00fcrfel 4 x 2 Spielfiguren 100 Quizkarten 30 Spezial Quizkarten 20 &#8220;Wusstest du&#8230;.&#8221; Karten 20 Aktionskarten f\u00fcr Gl\u00fcck und Geschick 1 Begleitheft im A5 Hochformat Einen Schritt vorausEs muss nicht immer ein Flyer oder Brosch\u00fcre sein! Diese Medien haben den Nachteil, dass Sie nach k\u00fcrzester Zeit in Vergessenheit geraten. Wir bieten [&hellip;]<\/p>\n","protected":false},"author":1,"featured_media":0,"parent":0,"menu_order":0,"comment_status":"closed","ping_status":"closed","template":"","meta":{"_et_pb_use_builder":"on","_et_pb_old_content":"","_et_gb_content_width":"","footnotes":""},"class_list":["post-85","page","type-page","status-publish","hentry"],"yoast_head":"<!-- This site is optimized with the Yoast SEO plugin v22.1 - https:\/\/yoast.com\/wordpress\/plugins\/seo\/ -->\n<title>Stadtpunkt - We make it - you play it<\/title>\n<meta name=\"robots\" content=\"index, follow, max-snippet:-1, max-image-preview:large, max-video-preview:-1\" \/>\n<link rel=\"canonical\" href=\"https:\/\/linagames.de\/index.php\/stadtpunkt\/\" \/>\n<meta property=\"og:locale\" content=\"en_US\" \/>\n<meta property=\"og:type\" content=\"article\" \/>\n<meta property=\"og:title\" content=\"Stadtpunkt - We make it - you play it\" \/>\n<meta property=\"og:description\" content=\"STADTPUNKTInhalt: 1 Spielplatte 1 W\u00fcrfel 4 x 2 Spielfiguren 100 Quizkarten 30 Spezial Quizkarten 20 &quot;Wusstest du....&quot; Karten 20 Aktionskarten f\u00fcr Gl\u00fcck und Geschick 1 Begleitheft im A5 Hochformat Einen Schritt vorausEs muss nicht immer ein Flyer oder Brosch\u00fcre sein! Diese Medien haben den Nachteil, dass Sie nach k\u00fcrzester Zeit in Vergessenheit geraten. Wir bieten [&hellip;]\" \/>\n<meta property=\"og:url\" content=\"https:\/\/linagames.de\/index.php\/stadtpunkt\/\" \/>\n<meta property=\"og:site_name\" content=\"We make it - you play it\" \/>\n<meta property=\"article:modified_time\" content=\"2026-04-24T10:59:32+00:00\" \/>\n<meta name=\"twitter:card\" content=\"summary_large_image\" \/>\n<script type=\"application\/ld+json\" class=\"yoast-schema-graph\">{\"@context\":\"https:\/\/schema.org\",\"@graph\":[{\"@type\":\"WebPage\",\"@id\":\"https:\/\/linagames.de\/index.php\/stadtpunkt\/\",\"url\":\"https:\/\/linagames.de\/index.php\/stadtpunkt\/\",\"name\":\"Stadtpunkt - We make it - you play it\",\"isPartOf\":{\"@id\":\"https:\/\/linagames.de\/#website\"},\"datePublished\":\"2022-02-01T10:27:25+00:00\",\"dateModified\":\"2026-04-24T10:59:32+00:00\",\"breadcrumb\":{\"@id\":\"https:\/\/linagames.de\/index.php\/stadtpunkt\/#breadcrumb\"},\"inLanguage\":\"en-US\",\"potentialAction\":[{\"@type\":\"ReadAction\",\"target\":[\"https:\/\/linagames.de\/index.php\/stadtpunkt\/\"]}]},{\"@type\":\"BreadcrumbList\",\"@id\":\"https:\/\/linagames.de\/index.php\/stadtpunkt\/#breadcrumb\",\"itemListElement\":[{\"@type\":\"ListItem\",\"position\":1,\"name\":\"Home\",\"item\":\"https:\/\/linagames.de\/\"},{\"@type\":\"ListItem\",\"position\":2,\"name\":\"Stadtpunkt\"}]},{\"@type\":\"WebSite\",\"@id\":\"https:\/\/linagames.de\/#website\",\"url\":\"https:\/\/linagames.de\/\",\"name\":\"We make it - you play it\",\"description\":\"Spiele f\u00fcr die Ganze Familie\",\"potentialAction\":[{\"@type\":\"SearchAction\",\"target\":{\"@type\":\"EntryPoint\",\"urlTemplate\":\"https:\/\/linagames.de\/?s={search_term_string}\"},\"query-input\":\"required name=search_term_string\"}],\"inLanguage\":\"en-US\"}]}<\/script>\n<!-- \/ Yoast SEO plugin. -->","yoast_head_json":{"title":"Stadtpunkt - We make it - you play it","robots":{"index":"index","follow":"follow","max-snippet":"max-snippet:-1","max-image-preview":"max-image-preview:large","max-video-preview":"max-video-preview:-1"},"canonical":"https:\/\/linagames.de\/index.php\/stadtpunkt\/","og_locale":"en_US","og_type":"article","og_title":"Stadtpunkt - We make it - you play it","og_description":"STADTPUNKTInhalt: 1 Spielplatte 1 W\u00fcrfel 4 x 2 Spielfiguren 100 Quizkarten 30 Spezial Quizkarten 20 \"Wusstest du....\" Karten 20 Aktionskarten f\u00fcr Gl\u00fcck und Geschick 1 Begleitheft im A5 Hochformat Einen Schritt vorausEs muss nicht immer ein Flyer oder Brosch\u00fcre sein! Diese Medien haben den Nachteil, dass Sie nach k\u00fcrzester Zeit in Vergessenheit geraten. Wir bieten [&hellip;]","og_url":"https:\/\/linagames.de\/index.php\/stadtpunkt\/","og_site_name":"We make it - you play it","article_modified_time":"2026-04-24T10:59:32+00:00","twitter_card":"summary_large_image","schema":{"@context":"https:\/\/schema.org","@graph":[{"@type":"WebPage","@id":"https:\/\/linagames.de\/index.php\/stadtpunkt\/","url":"https:\/\/linagames.de\/index.php\/stadtpunkt\/","name":"Stadtpunkt - We make it - you play it","isPartOf":{"@id":"https:\/\/linagames.de\/#website"},"datePublished":"2022-02-01T10:27:25+00:00","dateModified":"2026-04-24T10:59:32+00:00","breadcrumb":{"@id":"https:\/\/linagames.de\/index.php\/stadtpunkt\/#breadcrumb"},"inLanguage":"en-US","potentialAction":[{"@type":"ReadAction","target":["https:\/\/linagames.de\/index.php\/stadtpunkt\/"]}]},{"@type":"BreadcrumbList","@id":"https:\/\/linagames.de\/index.php\/stadtpunkt\/#breadcrumb","itemListElement":[{"@type":"ListItem","position":1,"name":"Home","item":"https:\/\/linagames.de\/"},{"@type":"ListItem","position":2,"name":"Stadtpunkt"}]},{"@type":"WebSite","@id":"https:\/\/linagames.de\/#website","url":"https:\/\/linagames.de\/","name":"We make it - you play it","description":"Spiele f\u00fcr die Ganze Familie","potentialAction":[{"@type":"SearchAction","target":{"@type":"EntryPoint","urlTemplate":"https:\/\/linagames.de\/?s={search_term_string}"},"query-input":"required name=search_term_string"}],"inLanguage":"en-US"}]}},"_links":{"self":[{"href":"https:\/\/linagames.de\/index.php\/wp-json\/wp\/v2\/pages\/85","targetHints":{"allow":["GET"]}}],"collection":[{"href":"https:\/\/linagames.de\/index.php\/wp-json\/wp\/v2\/pages"}],"about":[{"href":"https:\/\/linagames.de\/index.php\/wp-json\/wp\/v2\/types\/page"}],"author":[{"embeddable":true,"href":"https:\/\/linagames.de\/index.php\/wp-json\/wp\/v2\/users\/1"}],"replies":[{"embeddable":true,"href":"https:\/\/linagames.de\/index.php\/wp-json\/wp\/v2\/comments?post=85"}],"version-history":[{"count":9,"href":"https:\/\/linagames.de\/index.php\/wp-json\/wp\/v2\/pages\/85\/revisions"}],"predecessor-version":[{"id":416,"href":"https:\/\/linagames.de\/index.php\/wp-json\/wp\/v2\/pages\/85\/revisions\/416"}],"wp:attachment":[{"href":"https:\/\/linagames.de\/index.php\/wp-json\/wp\/v2\/media?parent=85"}],"curies":[{"name":"wp","href":"https:\/\/api.w.org\/{rel}","templated":true}]}}