{"id":179,"date":"2022-02-01T12:27:59","date_gmt":"2022-02-01T12:27:59","guid":{"rendered":"https:\/\/linagames.de\/?page_id=179"},"modified":"2026-04-24T10:39:14","modified_gmt":"2026-04-24T10:39:14","slug":"agbs","status":"publish","type":"page","link":"https:\/\/linagames.de\/index.php\/agbs\/","title":{"rendered":"AGBs"},"content":{"rendered":"<p>[et_pb_section fb_built=&#8221;1&#8243; admin_label=&#8221;Hero&#8221; _builder_version=&#8221;4.16&#8243; background_color=&#8221;rgba(12,113,195,0.55)&#8221; use_background_color_gradient=&#8221;on&#8221; background_color_gradient_direction=&#8221;271deg&#8221; background_color_gradient_stops=&#8221;#2b87da 0%|#165d8c 100%&#8221; background_color_gradient_end=&#8221;#165d8c&#8221; background_image=&#8221;https:\/\/linagames.de\/wp-content\/uploads\/2022\/02\/Background_Header-scaled.jpg&#8221; background_blend=&#8221;multiply&#8221; locked=&#8221;off&#8221; global_colors_info=&#8221;{}&#8221;][et_pb_row make_equal=&#8221;on&#8221; _builder_version=&#8221;4.16&#8243; background_size=&#8221;initial&#8221; background_position=&#8221;top_left&#8221; background_repeat=&#8221;repeat&#8221; width=&#8221;100%&#8221; max_width=&#8221;100%&#8221; custom_margin=&#8221;|||&#8221; custom_padding=&#8221;|||&#8221; use_custom_width=&#8221;on&#8221; width_unit=&#8221;off&#8221; custom_width_percent=&#8221;100%&#8221; global_colors_info=&#8221;{}&#8221;][et_pb_column type=&#8221;4_4&#8243; _builder_version=&#8221;4.16&#8243; custom_padding=&#8221;60px|0px|100px||false|false&#8221; custom_padding_tablet=&#8221;20px|10%|0px|10%&#8221; custom_padding_phone=&#8221;20px|10%|0px|10%&#8221; custom_padding_last_edited=&#8221;on|desktop&#8221; global_colors_info=&#8221;{}&#8221; custom_padding__hover=&#8221;|||&#8221;][et_pb_text _builder_version=&#8221;4.16&#8243; _module_preset=&#8221;default&#8221; text_font=&#8221;Montserrat|900|||||||&#8221; text_text_color=&#8221;#FFFFFF&#8221; text_font_size=&#8221;62px&#8221; text_line_height=&#8221;0.2em&#8221; text_orientation=&#8221;center&#8221; custom_margin=&#8221;50px||||false|false&#8221; global_colors_info=&#8221;{}&#8221;]<\/p>\n<p><b>AGBs<\/b><\/p>\n<p>[\/et_pb_text][et_pb_divider color=&#8221;#79c9d2&#8243; divider_position=&#8221;center&#8221; divider_weight=&#8221;7px&#8221; _builder_version=&#8221;4.16&#8243; max_width=&#8221;90px&#8221; max_width_tablet=&#8221;13%&#8221; max_width_last_edited=&#8221;off|desktop&#8221; module_alignment=&#8221;center&#8221; custom_margin=&#8221;15px|||&#8221; custom_padding=&#8221;|||&#8221; locked=&#8221;off&#8221; global_colors_info=&#8221;{}&#8221;][\/et_pb_divider][\/et_pb_column][\/et_pb_row][\/et_pb_section][et_pb_section fb_built=&#8221;1&#8243; admin_label=&#8221;About&#8221; _builder_version=&#8221;4.16&#8243; custom_padding=&#8221;100px|0px|100px|0px&#8221; locked=&#8221;off&#8221; global_colors_info=&#8221;{}&#8221;][et_pb_row _builder_version=&#8221;4.16&#8243; _module_preset=&#8221;default&#8221; global_colors_info=&#8221;{}&#8221;][et_pb_column type=&#8221;4_4&#8243; _builder_version=&#8221;4.16&#8243; _module_preset=&#8221;default&#8221; global_colors_info=&#8221;{}&#8221;][et_pb_text admin_label=&#8221;description&#8221; _builder_version=&#8221;4.24.2&#8243; text_font=&#8221;||||||||&#8221; text_font_size=&#8221;16px&#8221; text_line_height=&#8221;1.8em&#8221; max_width_tablet=&#8221;89%&#8221; max_width_phone=&#8221;97%&#8221; max_width_last_edited=&#8221;off|desktop&#8221; custom_margin=&#8221;||||false|false&#8221; custom_padding=&#8221;|||&#8221; hover_enabled=&#8221;0&#8243; locked=&#8221;off&#8221; global_colors_info=&#8221;{}&#8221; sticky_enabled=&#8221;0&#8243;]<\/p>\n<p><strong>AGB \u2013 Allgemeine Gesch\u00e4ftsbedingungen der Civenta UG geltend f\u00fcr das Produkt \u201eStadtpunkt\u201c.<\/strong><\/p>\n<p><strong>1. Geltungsbereich<\/strong><\/p>\n<p>1.1 Angebote, Lieferungen und Leistungen der Civenta UG erfolgen ausschlie\u00dflich aufgrund dieser Gesch\u00e4ftsbedingungen.<\/p>\n<p>1.2 Entgegenstehende Vereinbarungen geltend nur im Falle schriftlicher Best\u00e4tigung durch die Civenta UG.<\/p>\n<p>1.3 Etwaig unwirksame Bestimmungen ber\u00fchren die \u00fcbrigen Bestimmungen dieser Gesch\u00e4ftsbedingungen nicht. Die betroffene Bestimmung ist durch eine wirksame zu ersetzen, die dem wirtschaftlichen Zweck der betroffenen Formulierung am n\u00e4chsten kommt und rechtlich zul\u00e4ssig ist. Dies gilt sinngem\u00e4\u00df f\u00fcr erg\u00e4nzend bed\u00fcrftige L\u00fccken dieser Bestimmung oder des Vertrages.<\/p>\n<p><strong>2. Vertragsabschluss<\/strong><\/p>\n<p>2.1 Angebote der Civenta UG sind stets freibleibend und unverbindlich. Ein Vertrag zwischen dem Kunden und der Civenta UG kommt zustande, wenn ein von der Civenta UG bevollm\u00e4chtigter Vertreter den Auftrag f\u00fcr die Teilnahme und\/oder Spiele unterschrieben hat und diesen per E-Mail an den Kunden gesendet hat. Der Auftrag muss nicht vom Kunden unterschrieben werden. Die Civenta UG ist berechtigt, den Vertragsschluss ohne Angabe von Gr\u00fcnden zu verweigern oder von der Vorlage schriftlicher Vollmachten bzw. von der Stellung von Sicherheiten abh\u00e4ngig zu machen. Soweit sich die Civenta UG zur Erf\u00fcllung der vereinbarten Dienstleistung Dritter bedient, werden diese nicht Vertragspartner des Kunden.<\/p>\n<p>2.2 Technische und gestalterische Abweichungen von Beschreibungen und Angaben in Prospekten, Katalogen und schriftlichen Unterlagen sowie \u00c4nderungen im Zuge des technischen Fortschritts bleiben vorbehalten, ohne dass hieraus Rechte gegen die Civenta UG hergeleitet werden k\u00f6nnen.<\/p>\n<p>2.3 M\u00fcndliche Ausk\u00fcnfte und Zusagen, Prospekte und Werbeaussagen gleich welcher Art, insbesondere Beschreibungen, Abbildungen, Zeichnungen, Muster, Qualit\u00e4ts-, Beschaffenheits-, Zusammensetzungs-, Leistungs-, Verbrauchs- und Verwendbarkeitsangaben sowie Ma\u00dfe sind freibleibend, sofern sie nicht ausdr\u00fccklich als verbindlich bezeichnet sind. Sie stellen keine Zusicherung oder Garantiezusage, welcher Art auch immer, dar.<\/p>\n<p><strong>3. Preise, Liefer- und Leistungsumfang<\/strong><\/p>\n<p>3.1 Bestandteil der Leistungsverpflichtung der Civenta UG sind die vertraglich vereinbarten Leistungspakete und Optionen. Dar\u00fcber hinausgehende Dienstleistungen sind gesondert vertraglich zu vereinbaren. Die Civenta UG beh\u00e4lt sich das Recht vor, ihre Leistung zu modifizieren oder zu verbessern. Bei Einschr\u00e4nkung des Leistungsumfanges gilt Ziff. 4.3 sinngem\u00e4\u00df.<\/p>\n<p>3.2 Alle Preise verstehen sich in Euro exkl. Umsatzsteuer ab Lager. Anlieferung \u201efrei Bordsteinkante\u201c. Die Zahlungspflicht besteht auch f\u00fcr die alleinige grafische Leistung, unabh\u00e4ngig von einer Spielelieferung, da die grafische Leistung gesondert zu betrachten ist.<\/p>\n<p>3.3 Druckbedingungen: Der Kunde stellt der Civenta UG binnen f\u00fcnf Werktagen nach der Zusendung des Vertrages per E-Mail das Motiv, welches zum Druck auf dem Feld des Kunden verwendet werden soll, in geeigneter Form zur Verf\u00fcgung. Geeignete Form hei\u00dft: In einem gebr\u00e4uchlichem Dateiformat wie .pdf, .ai, .tiff, .jpg oder .eps sowie in ausreichender Qualit\u00e4t und Aufl\u00f6sung (mind. 300 dpi). Die Civenta UG beh\u00e4lt sich die Pr\u00fcfung des vom Kunden gelieferten Datenmaterials vor und wird evtl. auftretende Probleme bei der Verarbeitung sofort in Schriftform anzeigen. Die Ergebnisse der grafischen Arbeit werden dem Kunden per *.pdf zugemailt. Der Kunde hat Anspruch auf maximal 3 Korrekturen. Der an den Kunden versandte Korrekturabzug muss binnen zwei Werktagen freigegeben oder mit eventuellen Korrekturanweisungen zur\u00fcckgesandt werden.<\/p>\n<p>3.4 Der Kunde hat keine Anspr\u00fcche auf ein bestimmtes Feld.<\/p>\n<p>3.5 Sollten die unter 3.3 geregelten Druckbedingungen von Seiten des Kunden nicht erf\u00fcllt werden, beh\u00e4lt sich die Civenta UG wahlweise ein R\u00fccktrittsrecht bzw. Schadenersatzanspruch wegen Nichterf\u00fcllung vor. Sollte der Kunde in diesem Zusammenhang trotz Aufforderung in Schriftform binnen zwei Tagen nicht entsprechend reagiert haben, so besitzt die Civenta UG das Recht, den Kundenbeitrag in einer Standardschrift (Arial\/Times) nach bestem Wissen und Gewissen zu setzen und abzudrucken \u2013 sofern nicht innerhalb der geregelten Fristen das Material geliefert bzw. freigegeben wurde.<\/p>\n<p>3.6 Ein R\u00fccktrittsrecht steht der Civenta UG zu, wenn der Kunde \u00fcber seine Kreditw\u00fcrdigkeit bedingenden Tatsachen unrichtige Angaben gemacht hat, es sei denn, der Kunde leistet unverz\u00fcglich Vorauskasse. Ein R\u00fccktrittsrecht steht der Civenta UG ferner dann zu, wenn nach Abschluss des Vertrages erkennbar wird, dass der Anspruch der Civenta UG auf den Kaufpreis durch mangelnde Leistungsf\u00e4higkeit des Kunden gef\u00e4hrdet wird und die Civenta UG den Kunden erfolglos aufgefordert hat, innerhalb angemessener Frist Zug um Zug gegen die von der Civenta UG zu erbringende Leistung den Kaufpreis zu zahlen oder Sicherheit zu leisten. Die Civenta UG hat das Recht erstellte Rechnungen an Dritte, wie zum Beispiel eine Factoring Firma abzutreten.<\/p>\n<p>3.7 Der Kunde stellt die Civenta UG von s\u00e4mtlichen Anspr\u00fcchen frei, die Dritte aufgrund von Verletzungen von Marken-, Urheber-, Wettbewerbs- oder sonstigen Rechten gegen die Civenta UG geltend machen und versichert, dass die Civenta UG zur Verf\u00fcgung gestellten Dateien und Fotos frei von Rechten Dritter sind. Im Falle der notwendigen Rechtsverfolgung durch die Civenta UG aufgrund Anspr\u00fcchen Dritter aus vorstehenden Gr\u00fcnden stellt der Kunde die Civenta UG ebenfalls von den Kosten dieser Rechtsverfolgung frei.<\/p>\n<p><strong>4. Eigentumsvorbehalt, Schadenersatz, Sonderk\u00fcndigungsrecht<\/strong><\/p>\n<p>4.1 Bis zur Erf\u00fcllung aller Forderungen, die der Civenta UG aus jedem Rechtsgrund gegen den Kunden zustehen, werden der Civenta UG die folgende Sicherheiten gew\u00e4hrt:<\/p>\n<p>4.2 Die Ware bleibt Eigentum der Civenta UG. Der Kunde verwahrt das Eigentum der Civenta UG unentgeltlich. Er hat die unter Eigentumsvorbehalt stehenden Warenpflicht zu behandeln. Der Kunde darf \u00fcber Vorbehaltsware nicht verf\u00fcgen. Jeder Standortwechsel und Eingriffe Dritter, insbesondere Pf\u00e4ndung, sind der Civenta UG unverz\u00fcglich schriftlich mitzuteilen ggf. unter Beif\u00fcgung des Pf\u00e4ndungsprotokolls.<\/p>\n<p>4.3 Ist die Civenta UG im Falle einer nicht erfolgten oder nicht vertragsgem\u00e4\u00dfen Leistung des Kunden vom Vertrag zur\u00fcckgetreten, kann sie die Vorbehaltware vom Verk\u00e4ufer herausverlangen. Schadensersatzanspr\u00fcche der Civenta UG sind dadurch nicht ausgeschlossen.<\/p>\n<p><strong>5. Untersuchungs- und R\u00fcgepflicht<\/strong><\/p>\n<p>5.1 Ist der Kauf f\u00fcr beide Teile ein Handelsgesch\u00e4ft, so hat der K\u00e4ufer die Ware unverz\u00fcglich nach der Ablieferung durch den Verk\u00e4ufer, soweit dies nach ordnungsm\u00e4\u00dfigem Gesch\u00e4ftsgange tunlich ist, zu untersuchen und, wenn sich ein Mangel zeigt, dem Verk\u00e4ufer binnen 7 Werktagen diesen anzuzeigen und entsprechend zu dokumentieren.<\/p>\n<p>5.2 Unterl\u00e4sst der K\u00e4ufer die Anzeige, so gilt die Ware als genehmigt, es sei denn, dass es sich um einen Mangel handelt, der bei der Untersuchung nicht erkennbar war.<\/p>\n<p>5.3 Zeigt sich sp\u00e4ter ein solcher Mangel, so muss die Anzeige unverz\u00fcglich nach der Entdeckung gemacht werden; anderenfalls gilt die Ware auch in Ansehung dieses Mangels als genehmigt.<\/p>\n<p>5.4 Zur Erhaltung der Rechte des K\u00e4ufers gen\u00fcgt die rechtzeitige Absendung der Anzeige.<\/p>\n<p>5.5 Hat der Verk\u00e4ufer den Mangel arglistig verschwiegen, so kann er sich auf diese Vorschriften nicht berufen.<\/p>\n<p><strong>6. Anspr\u00fcche bei Verletzung der Abnahmeverpflichtung<\/strong><\/p>\n<p>6.1 Wenn der Kunde nach Ablauf einer ihm vom Verk\u00e4ufer angemessenen Frist unter Verletzung seiner Pflichten aus dem Schuldverh\u00e4ltnis die f\u00e4llige Abnahme verweigert oder schon vorher unter Verletzung seiner Pflichten aus dem Schuldverh\u00e4ltnis ernsthaft und endg\u00fcltig erkl\u00e4rt, nicht abnehmen zu wollen, kann die Civenta UG Schadensersatz statt der Leistung verlangen, es sei denn der Kunde hat die Pflichtverletzung nicht zu vertreten.<\/p>\n<p>6.2 Als Schadensersatz statt der Leistung kann die Civenta UG in diesen F\u00e4llen 25 % des Bestellpreises ohne Abz\u00fcge fordern, sofern der Kunde nicht nachweist, dass ein Schaden \u00fcberhaupt nicht entstanden ist oder wesentlich niedriger ist als die Pauschale. Im \u00dcbrigen bleibt der Civenta UG die Geltendmachung eines h\u00f6heren nachgewiesenen Schadens vorbehalten.<\/p>\n<p><strong>7. Lieferzeiten<\/strong><\/p>\n<p>7.1 Die Lieferzeiten der Ware bestimmen sich nach dem Zeitpunkt der Vertragsabschl\u00fcsse f\u00fcr ein gesamtes Gebiet\/eine gesamte Stadt, f\u00fcr welche die betreffende Ware gefertigt wird, f\u00fcr welches der Kunde Felder bestellt hat.<\/p>\n<p>7.2 Die Lieferung der Ware erfolgt innerhalb von ca. 9 Wochen nach Druckbeginn eines Projektes, aber sp\u00e4testens 3 Jahre nach Projektbeginn.<\/p>\n<p>7.3 Ist der Kunde mit ge\u00e4nderten Betriebsbedingungen, ge\u00e4nderten Preisen oder ge\u00e4nderten AGB nicht einverstanden, so kann dieser den Vertrag binnen vier Wochen zum Zeitpunkt der \u00c4nderungen schriftlich k\u00fcndigen.<\/p>\n<p>7.4 Die Versandkosten sind im Auftrag einzusehen.<\/p>\n<p><strong>8. Laufzeit und K\u00fcndigung<\/strong><\/p>\n<p>8.1 Der Vertrag wird f\u00fcr eine feste Laufzeit geschlossen (5 Jahre), sofern keine anderslautende Laufzeit vertraglich vereinbart wurde. Die Laufzeit des Vertrages verl\u00e4ngert sich nicht automatisch.<\/p>\n<p><strong>9. Gew\u00e4hrleistung<\/strong><\/p>\n<p>Die Civenta UG leistet grunds\u00e4tzlich Gew\u00e4hr nach Ma\u00dfgabe der gesetzlichen Bestimmungen.<\/p>\n<p><strong>10. Haftung<\/strong><\/p>\n<p>10.1 Die Civenta UG haftet auf Schadenersatz f\u00fcr eine Pflichtverletzung bei einfacher Fahrl\u00e4ssigkeit bis zur H\u00f6he der H\u00e4lfte des vereinbarten Kaufpreises, ansonsten nur bei eigenem Vorsatz oder grober Fahrl\u00e4ssigkeit oder bei Vorsatz oder grober Fahrl\u00e4ssigkeit seines gesetzlichen Vertreters oder seines Erf\u00fcllungsgehilfen.<\/p>\n<p>10.2 Die Haftungsbeschr\u00e4nkung nach der vorstehenden Ziffer 1 gilt nicht f\u00fcr die Haftung des Verk\u00e4ufers f\u00fcr Sch\u00e4den aus der Verletzung des Lebens, des K\u00f6rpers und der Gesundheit. Sie gilt ferner nicht bei Anspr\u00fcchen wegen M\u00e4ngeln, wenn der Verk\u00e4ufer den Mangel arglistig verschwiegen oder Garantie f\u00fcr die Beschaffenheit der Sache \u00fcbernommen hat.<\/p>\n<p><strong>11. Speicherung von Daten<\/strong><\/p>\n<p>Der Kunde ist damit einverstanden, dass die personenbezogenen Daten aus diesem Kaufvertrag von dem Verk\u00e4ufer zum Zwecke der Nutzung im kaufm\u00e4nnischen Betrieb der Civenta UG auf Datentr\u00e4ger gespeichert werden. Die Weitergabe der gespeicherten Daten durch den Verk\u00e4ufer an Dritte erfolgt, zwecks Bonit\u00e4tspr\u00fcfung durch ein Kreditinstitut. Der Kunde ist damit einverstanden, dass Name oder Kundenlogo ohne weitere Nachfrage auf der Homepage der Civenta UG genannt werden kann.<\/p>\n<p><strong>12. Zahlungsbedingungen<\/strong><\/p>\n<p>12.1 S\u00e4mtliche Zahlungen sind lt. den in der Auftragsbest\u00e4tigung genannten Bedingungen ohne Abzug f\u00e4llig.<\/p>\n<p><strong>13. Schlussbestimmungen<\/strong><\/p>\n<p>13.1 F\u00fcr diesen Vertrag und dessen Durchf\u00fchrung gilt ausschlie\u00dflich das Recht der Bundesrepublik Deutschland.<\/p>\n<p>13.2 Erf\u00fcllung und Gerichtsstand ist Berlin.<\/p>\n<p>[\/et_pb_text][\/et_pb_column][\/et_pb_row][\/et_pb_section]<\/p>\n","protected":false},"excerpt":{"rendered":"<p>AGBsAGB \u2013 Allgemeine Gesch\u00e4ftsbedingungen der Civenta UG geltend f\u00fcr das Produkt \u201eStadtpunkt\u201c. 1. Geltungsbereich 1.1 Angebote, Lieferungen und Leistungen der Civenta UG erfolgen ausschlie\u00dflich aufgrund dieser Gesch\u00e4ftsbedingungen. 1.2 Entgegenstehende Vereinbarungen geltend nur im Falle schriftlicher Best\u00e4tigung durch die Civenta UG. 1.3 Etwaig unwirksame Bestimmungen ber\u00fchren die \u00fcbrigen Bestimmungen dieser Gesch\u00e4ftsbedingungen nicht. Die betroffene Bestimmung ist [&hellip;]<\/p>\n","protected":false},"author":1,"featured_media":0,"parent":0,"menu_order":0,"comment_status":"closed","ping_status":"closed","template":"","meta":{"_et_pb_use_builder":"on","_et_pb_old_content":"","_et_gb_content_width":"","footnotes":""},"class_list":["post-179","page","type-page","status-publish","hentry"],"yoast_head":"<!-- This site is optimized with the Yoast SEO plugin v22.1 - https:\/\/yoast.com\/wordpress\/plugins\/seo\/ -->\n<title>AGBs - We make it - you play it<\/title>\n<meta name=\"robots\" content=\"index, follow, max-snippet:-1, max-image-preview:large, max-video-preview:-1\" \/>\n<link rel=\"canonical\" href=\"https:\/\/linagames.de\/index.php\/agbs\/\" \/>\n<meta property=\"og:locale\" content=\"en_US\" \/>\n<meta property=\"og:type\" content=\"article\" \/>\n<meta property=\"og:title\" content=\"AGBs - We make it - you play it\" \/>\n<meta property=\"og:description\" content=\"AGBsAGB \u2013 Allgemeine Gesch\u00e4ftsbedingungen der Civenta UG geltend f\u00fcr das Produkt \u201eStadtpunkt\u201c. 1. Geltungsbereich 1.1 Angebote, Lieferungen und Leistungen der Civenta UG erfolgen ausschlie\u00dflich aufgrund dieser Gesch\u00e4ftsbedingungen. 1.2 Entgegenstehende Vereinbarungen geltend nur im Falle schriftlicher Best\u00e4tigung durch die Civenta UG. 1.3 Etwaig unwirksame Bestimmungen ber\u00fchren die \u00fcbrigen Bestimmungen dieser Gesch\u00e4ftsbedingungen nicht. Die betroffene Bestimmung ist [&hellip;]\" \/>\n<meta property=\"og:url\" content=\"https:\/\/linagames.de\/index.php\/agbs\/\" \/>\n<meta property=\"og:site_name\" content=\"We make it - you play it\" \/>\n<meta property=\"article:modified_time\" content=\"2026-04-24T10:39:14+00:00\" \/>\n<meta name=\"twitter:card\" content=\"summary_large_image\" \/>\n<script type=\"application\/ld+json\" class=\"yoast-schema-graph\">{\"@context\":\"https:\/\/schema.org\",\"@graph\":[{\"@type\":\"WebPage\",\"@id\":\"https:\/\/linagames.de\/index.php\/agbs\/\",\"url\":\"https:\/\/linagames.de\/index.php\/agbs\/\",\"name\":\"AGBs - We make it - you play it\",\"isPartOf\":{\"@id\":\"https:\/\/linagames.de\/#website\"},\"datePublished\":\"2022-02-01T12:27:59+00:00\",\"dateModified\":\"2026-04-24T10:39:14+00:00\",\"breadcrumb\":{\"@id\":\"https:\/\/linagames.de\/index.php\/agbs\/#breadcrumb\"},\"inLanguage\":\"en-US\",\"potentialAction\":[{\"@type\":\"ReadAction\",\"target\":[\"https:\/\/linagames.de\/index.php\/agbs\/\"]}]},{\"@type\":\"BreadcrumbList\",\"@id\":\"https:\/\/linagames.de\/index.php\/agbs\/#breadcrumb\",\"itemListElement\":[{\"@type\":\"ListItem\",\"position\":1,\"name\":\"Home\",\"item\":\"https:\/\/linagames.de\/\"},{\"@type\":\"ListItem\",\"position\":2,\"name\":\"AGBs\"}]},{\"@type\":\"WebSite\",\"@id\":\"https:\/\/linagames.de\/#website\",\"url\":\"https:\/\/linagames.de\/\",\"name\":\"We make it - you play it\",\"description\":\"Spiele f\u00fcr die Ganze Familie\",\"potentialAction\":[{\"@type\":\"SearchAction\",\"target\":{\"@type\":\"EntryPoint\",\"urlTemplate\":\"https:\/\/linagames.de\/?s={search_term_string}\"},\"query-input\":\"required name=search_term_string\"}],\"inLanguage\":\"en-US\"}]}<\/script>\n<!-- \/ Yoast SEO plugin. -->","yoast_head_json":{"title":"AGBs - We make it - you play it","robots":{"index":"index","follow":"follow","max-snippet":"max-snippet:-1","max-image-preview":"max-image-preview:large","max-video-preview":"max-video-preview:-1"},"canonical":"https:\/\/linagames.de\/index.php\/agbs\/","og_locale":"en_US","og_type":"article","og_title":"AGBs - We make it - you play it","og_description":"AGBsAGB \u2013 Allgemeine Gesch\u00e4ftsbedingungen der Civenta UG geltend f\u00fcr das Produkt \u201eStadtpunkt\u201c. 1. Geltungsbereich 1.1 Angebote, Lieferungen und Leistungen der Civenta UG erfolgen ausschlie\u00dflich aufgrund dieser Gesch\u00e4ftsbedingungen. 1.2 Entgegenstehende Vereinbarungen geltend nur im Falle schriftlicher Best\u00e4tigung durch die Civenta UG. 1.3 Etwaig unwirksame Bestimmungen ber\u00fchren die \u00fcbrigen Bestimmungen dieser Gesch\u00e4ftsbedingungen nicht. Die betroffene Bestimmung ist [&hellip;]","og_url":"https:\/\/linagames.de\/index.php\/agbs\/","og_site_name":"We make it - you play it","article_modified_time":"2026-04-24T10:39:14+00:00","twitter_card":"summary_large_image","schema":{"@context":"https:\/\/schema.org","@graph":[{"@type":"WebPage","@id":"https:\/\/linagames.de\/index.php\/agbs\/","url":"https:\/\/linagames.de\/index.php\/agbs\/","name":"AGBs - We make it - you play it","isPartOf":{"@id":"https:\/\/linagames.de\/#website"},"datePublished":"2022-02-01T12:27:59+00:00","dateModified":"2026-04-24T10:39:14+00:00","breadcrumb":{"@id":"https:\/\/linagames.de\/index.php\/agbs\/#breadcrumb"},"inLanguage":"en-US","potentialAction":[{"@type":"ReadAction","target":["https:\/\/linagames.de\/index.php\/agbs\/"]}]},{"@type":"BreadcrumbList","@id":"https:\/\/linagames.de\/index.php\/agbs\/#breadcrumb","itemListElement":[{"@type":"ListItem","position":1,"name":"Home","item":"https:\/\/linagames.de\/"},{"@type":"ListItem","position":2,"name":"AGBs"}]},{"@type":"WebSite","@id":"https:\/\/linagames.de\/#website","url":"https:\/\/linagames.de\/","name":"We make it - you play it","description":"Spiele f\u00fcr die Ganze Familie","potentialAction":[{"@type":"SearchAction","target":{"@type":"EntryPoint","urlTemplate":"https:\/\/linagames.de\/?s={search_term_string}"},"query-input":"required name=search_term_string"}],"inLanguage":"en-US"}]}},"_links":{"self":[{"href":"https:\/\/linagames.de\/index.php\/wp-json\/wp\/v2\/pages\/179","targetHints":{"allow":["GET"]}}],"collection":[{"href":"https:\/\/linagames.de\/index.php\/wp-json\/wp\/v2\/pages"}],"about":[{"href":"https:\/\/linagames.de\/index.php\/wp-json\/wp\/v2\/types\/page"}],"author":[{"embeddable":true,"href":"https:\/\/linagames.de\/index.php\/wp-json\/wp\/v2\/users\/1"}],"replies":[{"embeddable":true,"href":"https:\/\/linagames.de\/index.php\/wp-json\/wp\/v2\/comments?post=179"}],"version-history":[{"count":5,"href":"https:\/\/linagames.de\/index.php\/wp-json\/wp\/v2\/pages\/179\/revisions"}],"predecessor-version":[{"id":407,"href":"https:\/\/linagames.de\/index.php\/wp-json\/wp\/v2\/pages\/179\/revisions\/407"}],"wp:attachment":[{"href":"https:\/\/linagames.de\/index.php\/wp-json\/wp\/v2\/media?parent=179"}],"curies":[{"name":"wp","href":"https:\/\/api.w.org\/{rel}","templated":true}]}}