{"id":130,"date":"2022-02-01T11:01:59","date_gmt":"2022-02-01T11:01:59","guid":{"rendered":"https:\/\/linagames.de\/?page_id=130"},"modified":"2022-02-01T15:34:24","modified_gmt":"2022-02-01T15:34:24","slug":"finde-das-paar","status":"publish","type":"page","link":"https:\/\/linagames.de\/index.php\/finde-das-paar\/","title":{"rendered":"Finde das Paar"},"content":{"rendered":"<p>[et_pb_section fb_built=&#8221;1&#8243; admin_label=&#8221;Hero&#8221; _builder_version=&#8221;4.14.7&#8243; background_color=&#8221;rgba(12,113,195,0.55)&#8221; use_background_color_gradient=&#8221;on&#8221; background_color_gradient_end=&#8221;#165d8c&#8221; background_color_gradient_direction=&#8221;271deg&#8221; background_image=&#8221;https:\/\/linagames.de\/wp-content\/uploads\/2022\/02\/Background_Header-scaled.jpg&#8221; background_blend=&#8221;multiply&#8221; locked=&#8221;off&#8221; global_colors_info=&#8221;{}&#8221;][et_pb_row make_equal=&#8221;on&#8221; _builder_version=&#8221;4.14.7&#8243; background_size=&#8221;initial&#8221; background_position=&#8221;top_left&#8221; background_repeat=&#8221;repeat&#8221; width=&#8221;100%&#8221; max_width=&#8221;100%&#8221; custom_margin=&#8221;|||&#8221; custom_padding=&#8221;|||&#8221; use_custom_width=&#8221;on&#8221; width_unit=&#8221;off&#8221; custom_width_percent=&#8221;100%&#8221; global_colors_info=&#8221;{}&#8221;][et_pb_column type=&#8221;4_4&#8243; _builder_version=&#8221;4.14.7&#8243; custom_padding=&#8221;60px|0px|100px||false|false&#8221; custom_padding_tablet=&#8221;20px|10%|0px|10%&#8221; custom_padding_phone=&#8221;20px|10%|0px|10%&#8221; custom_padding_last_edited=&#8221;on|desktop&#8221; global_colors_info=&#8221;{}&#8221; custom_padding__hover=&#8221;|||&#8221;][et_pb_text _builder_version=&#8221;4.14.7&#8243; _module_preset=&#8221;default&#8221; text_font=&#8221;Montserrat|900|||||||&#8221; text_text_color=&#8221;#FFFFFF&#8221; text_font_size=&#8221;62px&#8221; text_line_height=&#8221;0.2em&#8221; text_orientation=&#8221;center&#8221; custom_margin=&#8221;50px||||false|false&#8221; hover_enabled=&#8221;0&#8243; global_colors_info=&#8221;{}&#8221; text_font_size_last_edited=&#8221;on|phone&#8221; text_font_size_phone=&#8221;46px&#8221; sticky_enabled=&#8221;0&#8243; text_font_size_tablet=&#8221;62px&#8221;]<\/p>\n<p><b>FINDE DAS <\/b><\/p>\n<p><b>PAAR<\/b><\/p>\n<p>[\/et_pb_text][et_pb_divider color=&#8221;#79c9d2&#8243; divider_position=&#8221;center&#8221; divider_weight=&#8221;7px&#8221; _builder_version=&#8221;4.14.7&#8243; max_width=&#8221;90px&#8221; max_width_tablet=&#8221;13%&#8221; max_width_last_edited=&#8221;off|desktop&#8221; module_alignment=&#8221;center&#8221; custom_margin=&#8221;15px|||&#8221; custom_padding=&#8221;|||&#8221; locked=&#8221;off&#8221; global_colors_info=&#8221;{}&#8221;][\/et_pb_divider][\/et_pb_column][\/et_pb_row][\/et_pb_section][et_pb_section fb_built=&#8221;1&#8243; admin_label=&#8221;About&#8221; _builder_version=&#8221;4.14.7&#8243; custom_padding=&#8221;1px|0px|100px|0px|false|false&#8221; locked=&#8221;off&#8221; global_colors_info=&#8221;{}&#8221;][et_pb_row _builder_version=&#8221;4.14.7&#8243; _module_preset=&#8221;default&#8221; locked=&#8221;off&#8221; global_colors_info=&#8221;{}&#8221;][et_pb_column type=&#8221;4_4&#8243; _builder_version=&#8221;4.14.7&#8243; _module_preset=&#8221;default&#8221; global_colors_info=&#8221;{}&#8221;][et_pb_text admin_label=&#8221;description&#8221; _builder_version=&#8221;4.14.7&#8243; text_font=&#8221;||||||||&#8221; text_font_size=&#8221;16px&#8221; text_line_height=&#8221;1.8em&#8221; max_width_tablet=&#8221;89%&#8221; max_width_phone=&#8221;97%&#8221; max_width_last_edited=&#8221;off|desktop&#8221; custom_margin=&#8221;30px|||&#8221; custom_padding=&#8221;|||&#8221; global_colors_info=&#8221;{}&#8221;]<\/p>\n<div id=\"panel-2249-0-0-0\" class=\"so-panel widget widget_themegrill_flash_heading tg-widget section-title-wrapper panel-first-child\" data-index=\"0\">\n<div class=\"section-description\">\n<div id=\"panel-2530-0-0-0\" class=\"so-panel widget widget_themegrill_flash_heading tg-widget section-title-wrapper panel-first-child\" data-index=\"0\">\n<div class=\"section-description\">\n<p><strong>Perfekt f\u00fcr das Einpr\u00e4gen von klassischen und neuen Produkten!<\/p>\n<p><\/strong><\/div>\n<\/div>\n<div id=\"panel-2530-0-0-1\" class=\"widget_text so-panel widget widget_custom_html panel-last-child\" data-index=\"1\">\n<div class=\"textwidget custom-html-widget\">\n<p>Finde das Paar-Spiele funktionieren \u00fcber Bildmotive, sind sprach- und altersunabh\u00e4ngig und unterst\u00fctzen die visuellen F\u00e4higkeiten der Spieler. Konzentrations- und Merkf\u00e4higkeit werden beim Spielen gef\u00f6rdert. Finde das Paar-Spiele machen Spa\u00df und erm\u00f6glichen es, definierte Inhalte durch st\u00e4ndige Wiederholung zu lernen. Vermitteln Sie mit ihrem eigenen individuellen Finde das Paar-Spiel was Ihnen\/Ihrer Firma wichtig ist: Ihr Produktsortiment, Ihre Dienstleistung, Ihre Firmengeschichte oder Ihren Werbeslogan.<\/p>\n<\/div>\n<\/div>\n<\/div>\n<\/div>\n<p>[\/et_pb_text][\/et_pb_column][\/et_pb_row][et_pb_row column_structure=&#8221;1_2,1_2&#8243; _builder_version=&#8221;4.14.7&#8243; _module_preset=&#8221;default&#8221; global_colors_info=&#8221;{}&#8221;][et_pb_column type=&#8221;1_2&#8243; _builder_version=&#8221;4.14.7&#8243; _module_preset=&#8221;default&#8221; global_colors_info=&#8221;{}&#8221;][et_pb_text _builder_version=&#8221;4.14.7&#8243; _module_preset=&#8221;default&#8221; text_font=&#8221;Montserrat|700|||||||&#8221; text_font_size=&#8221;30px&#8221; text_line_height=&#8221;1.2em&#8221; global_colors_info=&#8221;{}&#8221;]<\/p>\n<p>Ausf\u00fchrungen<\/p>\n<p>[\/et_pb_text][et_pb_text admin_label=&#8221;description&#8221; _builder_version=&#8221;4.14.7&#8243; text_font=&#8221;||||||||&#8221; text_font_size=&#8221;16px&#8221; text_line_height=&#8221;1.8em&#8221; max_width_tablet=&#8221;89%&#8221; max_width_phone=&#8221;97%&#8221; max_width_last_edited=&#8221;off|desktop&#8221; custom_margin=&#8221;30px|||&#8221; custom_padding=&#8221;|||&#8221; global_colors_info=&#8221;{}&#8221;]<\/p>\n<p><span>Finde das Paar-Spiele sind ein gern benutztes Werbegeschenk von Firmen, Vereine und St\u00e4dte. Es gibt viele verschiedene Varianten Finde das Paar-Spiele.<\/span><br \/><span>Folgende Finde das Paar-Spiele mit folgender Anzahl Karten k\u00f6nnen wir ihnen anbieten:<\/span><\/p>\n<ul class=\"unorderedlist\">\n<li>2 x 16 Karten<\/li>\n<li>2 x 24 Karten<\/li>\n<li>2 x 32 Karten<\/li>\n<\/ul>\n<p>[\/et_pb_text][et_pb_text _builder_version=&#8221;4.14.7&#8243; _module_preset=&#8221;default&#8221; text_font=&#8221;Montserrat|700|||||||&#8221; text_font_size=&#8221;30px&#8221; text_line_height=&#8221;1.2em&#8221; global_colors_info=&#8221;{}&#8221;]<\/p>\n<p>Verpackungen<\/p>\n<p>[\/et_pb_text][et_pb_text admin_label=&#8221;description&#8221; _builder_version=&#8221;4.14.7&#8243; text_font=&#8221;||||||||&#8221; text_font_size=&#8221;16px&#8221; text_line_height=&#8221;1.8em&#8221; max_width_tablet=&#8221;89%&#8221; max_width_phone=&#8221;97%&#8221; max_width_last_edited=&#8221;off|desktop&#8221; custom_margin=&#8221;30px|||&#8221; custom_padding=&#8221;|||&#8221; global_colors_info=&#8221;{}&#8221;]<\/p>\n<ul class=\"unorderedlist\">\n<li>St\u00fclpdeckelbox<\/li>\n<li>Metallbox<\/li>\n<li>Faltschachtel<\/li>\n<\/ul>\n<p>[\/et_pb_text][et_pb_text admin_label=&#8221;description&#8221; _builder_version=&#8221;4.14.7&#8243; text_font=&#8221;||||||||&#8221; text_font_size=&#8221;16px&#8221; text_line_height=&#8221;1.8em&#8221; max_width_tablet=&#8221;89%&#8221; max_width_phone=&#8221;97%&#8221; max_width_last_edited=&#8221;off|desktop&#8221; custom_margin=&#8221;30px|||&#8221; custom_padding=&#8221;|||&#8221; global_colors_info=&#8221;{}&#8221;]<\/p>\n<p><span>Mindestauflage = 100 St\u00fcck.<\/span><\/p>\n<p><span>Gerne geben wir ihnen ein individuelles Angebot und \u00fcbernehmen auch die grafischen Arbeiten, falls gew\u00fcnscht. Schreiben Sie uns oder rufen Sie uns an. Wir freuen uns auf Sie.<\/span><\/p>\n<p>[\/et_pb_text][\/et_pb_column][et_pb_column type=&#8221;1_2&#8243; _builder_version=&#8221;4.14.7&#8243; _module_preset=&#8221;default&#8221; global_colors_info=&#8221;{}&#8221;][et_pb_image src=&#8221;https:\/\/linagames.de\/wp-content\/uploads\/2022\/02\/finde_das_paar.jpg&#8221; title_text=&#8221;finde_das_paar&#8221; _builder_version=&#8221;4.14.7&#8243; _module_preset=&#8221;default&#8221; global_colors_info=&#8221;{}&#8221;][\/et_pb_image][\/et_pb_column][\/et_pb_row][\/et_pb_section]<\/p>\n","protected":false},"excerpt":{"rendered":"<p>FINDE DAS PAAR Perfekt f\u00fcr das Einpr\u00e4gen von klassischen und neuen Produkten! Finde das Paar-Spiele funktionieren \u00fcber Bildmotive, sind sprach- und altersunabh\u00e4ngig und unterst\u00fctzen die visuellen F\u00e4higkeiten der Spieler. Konzentrations- und Merkf\u00e4higkeit werden beim Spielen gef\u00f6rdert. Finde das Paar-Spiele machen Spa\u00df und erm\u00f6glichen es, definierte Inhalte durch st\u00e4ndige Wiederholung zu lernen. Vermitteln Sie mit ihrem [&hellip;]<\/p>\n","protected":false},"author":1,"featured_media":0,"parent":0,"menu_order":0,"comment_status":"closed","ping_status":"closed","template":"","meta":{"_et_pb_use_builder":"on","_et_pb_old_content":"","_et_gb_content_width":"","footnotes":""},"class_list":["post-130","page","type-page","status-publish","hentry"],"yoast_head":"<!-- This site is optimized with the Yoast SEO plugin v22.1 - https:\/\/yoast.com\/wordpress\/plugins\/seo\/ -->\n<title>Finde das Paar - We make it - you play it<\/title>\n<meta name=\"robots\" content=\"index, follow, max-snippet:-1, max-image-preview:large, max-video-preview:-1\" \/>\n<link rel=\"canonical\" href=\"https:\/\/linagames.de\/index.php\/finde-das-paar\/\" \/>\n<meta property=\"og:locale\" content=\"en_US\" \/>\n<meta property=\"og:type\" content=\"article\" \/>\n<meta property=\"og:title\" content=\"Finde das Paar - We make it - you play it\" \/>\n<meta property=\"og:description\" content=\"FINDE DAS PAAR Perfekt f\u00fcr das Einpr\u00e4gen von klassischen und neuen Produkten! Finde das Paar-Spiele funktionieren \u00fcber Bildmotive, sind sprach- und altersunabh\u00e4ngig und unterst\u00fctzen die visuellen F\u00e4higkeiten der Spieler. Konzentrations- und Merkf\u00e4higkeit werden beim Spielen gef\u00f6rdert. Finde das Paar-Spiele machen Spa\u00df und erm\u00f6glichen es, definierte Inhalte durch st\u00e4ndige Wiederholung zu lernen. Vermitteln Sie mit ihrem [&hellip;]\" \/>\n<meta property=\"og:url\" content=\"https:\/\/linagames.de\/index.php\/finde-das-paar\/\" \/>\n<meta property=\"og:site_name\" content=\"We make it - you play it\" \/>\n<meta property=\"article:modified_time\" content=\"2022-02-01T15:34:24+00:00\" \/>\n<meta name=\"twitter:card\" content=\"summary_large_image\" \/>\n<script type=\"application\/ld+json\" class=\"yoast-schema-graph\">{\"@context\":\"https:\/\/schema.org\",\"@graph\":[{\"@type\":\"WebPage\",\"@id\":\"https:\/\/linagames.de\/index.php\/finde-das-paar\/\",\"url\":\"https:\/\/linagames.de\/index.php\/finde-das-paar\/\",\"name\":\"Finde das Paar - We make it - you play it\",\"isPartOf\":{\"@id\":\"https:\/\/linagames.de\/#website\"},\"datePublished\":\"2022-02-01T11:01:59+00:00\",\"dateModified\":\"2022-02-01T15:34:24+00:00\",\"breadcrumb\":{\"@id\":\"https:\/\/linagames.de\/index.php\/finde-das-paar\/#breadcrumb\"},\"inLanguage\":\"en-US\",\"potentialAction\":[{\"@type\":\"ReadAction\",\"target\":[\"https:\/\/linagames.de\/index.php\/finde-das-paar\/\"]}]},{\"@type\":\"BreadcrumbList\",\"@id\":\"https:\/\/linagames.de\/index.php\/finde-das-paar\/#breadcrumb\",\"itemListElement\":[{\"@type\":\"ListItem\",\"position\":1,\"name\":\"Home\",\"item\":\"https:\/\/linagames.de\/\"},{\"@type\":\"ListItem\",\"position\":2,\"name\":\"Finde das Paar\"}]},{\"@type\":\"WebSite\",\"@id\":\"https:\/\/linagames.de\/#website\",\"url\":\"https:\/\/linagames.de\/\",\"name\":\"We make it - you play it\",\"description\":\"Spiele f\u00fcr die Ganze Familie\",\"potentialAction\":[{\"@type\":\"SearchAction\",\"target\":{\"@type\":\"EntryPoint\",\"urlTemplate\":\"https:\/\/linagames.de\/?s={search_term_string}\"},\"query-input\":\"required name=search_term_string\"}],\"inLanguage\":\"en-US\"}]}<\/script>\n<!-- \/ Yoast SEO plugin. -->","yoast_head_json":{"title":"Finde das Paar - We make it - you play it","robots":{"index":"index","follow":"follow","max-snippet":"max-snippet:-1","max-image-preview":"max-image-preview:large","max-video-preview":"max-video-preview:-1"},"canonical":"https:\/\/linagames.de\/index.php\/finde-das-paar\/","og_locale":"en_US","og_type":"article","og_title":"Finde das Paar - We make it - you play it","og_description":"FINDE DAS PAAR Perfekt f\u00fcr das Einpr\u00e4gen von klassischen und neuen Produkten! Finde das Paar-Spiele funktionieren \u00fcber Bildmotive, sind sprach- und altersunabh\u00e4ngig und unterst\u00fctzen die visuellen F\u00e4higkeiten der Spieler. Konzentrations- und Merkf\u00e4higkeit werden beim Spielen gef\u00f6rdert. Finde das Paar-Spiele machen Spa\u00df und erm\u00f6glichen es, definierte Inhalte durch st\u00e4ndige Wiederholung zu lernen. Vermitteln Sie mit ihrem [&hellip;]","og_url":"https:\/\/linagames.de\/index.php\/finde-das-paar\/","og_site_name":"We make it - you play it","article_modified_time":"2022-02-01T15:34:24+00:00","twitter_card":"summary_large_image","schema":{"@context":"https:\/\/schema.org","@graph":[{"@type":"WebPage","@id":"https:\/\/linagames.de\/index.php\/finde-das-paar\/","url":"https:\/\/linagames.de\/index.php\/finde-das-paar\/","name":"Finde das Paar - We make it - you play it","isPartOf":{"@id":"https:\/\/linagames.de\/#website"},"datePublished":"2022-02-01T11:01:59+00:00","dateModified":"2022-02-01T15:34:24+00:00","breadcrumb":{"@id":"https:\/\/linagames.de\/index.php\/finde-das-paar\/#breadcrumb"},"inLanguage":"en-US","potentialAction":[{"@type":"ReadAction","target":["https:\/\/linagames.de\/index.php\/finde-das-paar\/"]}]},{"@type":"BreadcrumbList","@id":"https:\/\/linagames.de\/index.php\/finde-das-paar\/#breadcrumb","itemListElement":[{"@type":"ListItem","position":1,"name":"Home","item":"https:\/\/linagames.de\/"},{"@type":"ListItem","position":2,"name":"Finde das Paar"}]},{"@type":"WebSite","@id":"https:\/\/linagames.de\/#website","url":"https:\/\/linagames.de\/","name":"We make it - you play it","description":"Spiele f\u00fcr die Ganze Familie","potentialAction":[{"@type":"SearchAction","target":{"@type":"EntryPoint","urlTemplate":"https:\/\/linagames.de\/?s={search_term_string}"},"query-input":"required name=search_term_string"}],"inLanguage":"en-US"}]}},"_links":{"self":[{"href":"https:\/\/linagames.de\/index.php\/wp-json\/wp\/v2\/pages\/130","targetHints":{"allow":["GET"]}}],"collection":[{"href":"https:\/\/linagames.de\/index.php\/wp-json\/wp\/v2\/pages"}],"about":[{"href":"https:\/\/linagames.de\/index.php\/wp-json\/wp\/v2\/types\/page"}],"author":[{"embeddable":true,"href":"https:\/\/linagames.de\/index.php\/wp-json\/wp\/v2\/users\/1"}],"replies":[{"embeddable":true,"href":"https:\/\/linagames.de\/index.php\/wp-json\/wp\/v2\/comments?post=130"}],"version-history":[{"count":4,"href":"https:\/\/linagames.de\/index.php\/wp-json\/wp\/v2\/pages\/130\/revisions"}],"predecessor-version":[{"id":195,"href":"https:\/\/linagames.de\/index.php\/wp-json\/wp\/v2\/pages\/130\/revisions\/195"}],"wp:attachment":[{"href":"https:\/\/linagames.de\/index.php\/wp-json\/wp\/v2\/media?parent=130"}],"curies":[{"name":"wp","href":"https:\/\/api.w.org\/{rel}","templated":true}]}}