{"id":126,"date":"2022-02-01T10:57:07","date_gmt":"2022-02-01T10:57:07","guid":{"rendered":"https:\/\/linagames.de\/?page_id=126"},"modified":"2022-02-01T15:33:36","modified_gmt":"2022-02-01T15:33:36","slug":"kartenspiele","status":"publish","type":"page","link":"https:\/\/linagames.de\/index.php\/kartenspiele\/","title":{"rendered":"Kartenspiele"},"content":{"rendered":"<p>[et_pb_section fb_built=&#8221;1&#8243; admin_label=&#8221;Hero&#8221; _builder_version=&#8221;4.14.7&#8243; background_color=&#8221;rgba(12,113,195,0.55)&#8221; use_background_color_gradient=&#8221;on&#8221; background_color_gradient_end=&#8221;#165d8c&#8221; background_color_gradient_direction=&#8221;271deg&#8221; background_image=&#8221;https:\/\/linagames.de\/wp-content\/uploads\/2022\/02\/Background_Header-scaled.jpg&#8221; background_blend=&#8221;multiply&#8221; locked=&#8221;off&#8221; global_colors_info=&#8221;{}&#8221;][et_pb_row make_equal=&#8221;on&#8221; _builder_version=&#8221;4.14.7&#8243; background_size=&#8221;initial&#8221; background_position=&#8221;top_left&#8221; background_repeat=&#8221;repeat&#8221; width=&#8221;100%&#8221; max_width=&#8221;100%&#8221; custom_margin=&#8221;|||&#8221; custom_padding=&#8221;|||&#8221; use_custom_width=&#8221;on&#8221; width_unit=&#8221;off&#8221; custom_width_percent=&#8221;100%&#8221; global_colors_info=&#8221;{}&#8221;][et_pb_column type=&#8221;4_4&#8243; _builder_version=&#8221;4.14.7&#8243; custom_padding=&#8221;60px|0px|100px||false|false&#8221; custom_padding_tablet=&#8221;20px|10%|0px|10%&#8221; custom_padding_phone=&#8221;20px|10%|0px|10%&#8221; custom_padding_last_edited=&#8221;on|desktop&#8221; global_colors_info=&#8221;{}&#8221; custom_padding__hover=&#8221;|||&#8221;][et_pb_text _builder_version=&#8221;4.14.7&#8243; _module_preset=&#8221;default&#8221; text_font=&#8221;Montserrat|900|||||||&#8221; text_text_color=&#8221;#FFFFFF&#8221; text_font_size=&#8221;62px&#8221; text_line_height=&#8221;0.2em&#8221; text_orientation=&#8221;center&#8221; custom_margin=&#8221;50px||||false|false&#8221; hover_enabled=&#8221;0&#8243; global_colors_info=&#8221;{}&#8221; text_font_size_last_edited=&#8221;on|phone&#8221; text_font_size_phone=&#8221;38px&#8221; sticky_enabled=&#8221;0&#8243; text_font_size_tablet=&#8221;62px&#8221;]<\/p>\n<p><b>KARTENSPIELE<\/b><\/p>\n<p>[\/et_pb_text][et_pb_divider color=&#8221;#79c9d2&#8243; divider_position=&#8221;center&#8221; divider_weight=&#8221;7px&#8221; _builder_version=&#8221;4.14.7&#8243; max_width=&#8221;90px&#8221; max_width_tablet=&#8221;13%&#8221; max_width_last_edited=&#8221;off|desktop&#8221; module_alignment=&#8221;center&#8221; custom_margin=&#8221;15px|||&#8221; custom_padding=&#8221;|||&#8221; locked=&#8221;off&#8221; global_colors_info=&#8221;{}&#8221;][\/et_pb_divider][\/et_pb_column][\/et_pb_row][\/et_pb_section][et_pb_section fb_built=&#8221;1&#8243; admin_label=&#8221;About&#8221; _builder_version=&#8221;4.14.7&#8243; custom_padding=&#8221;10px|0px|5px|0px|false|false&#8221; locked=&#8221;off&#8221; global_colors_info=&#8221;{}&#8221;][et_pb_row _builder_version=&#8221;4.14.7&#8243; _module_preset=&#8221;default&#8221; global_colors_info=&#8221;{}&#8221;][et_pb_column type=&#8221;4_4&#8243; _builder_version=&#8221;4.14.7&#8243; _module_preset=&#8221;default&#8221; global_colors_info=&#8221;{}&#8221;][et_pb_text admin_label=&#8221;description&#8221; _builder_version=&#8221;4.14.7&#8243; text_font=&#8221;||||||||&#8221; text_font_size=&#8221;16px&#8221; text_line_height=&#8221;1.8em&#8221; max_width_tablet=&#8221;89%&#8221; max_width_phone=&#8221;97%&#8221; max_width_last_edited=&#8221;off|desktop&#8221; custom_margin=&#8221;30px|||&#8221; custom_padding=&#8221;|||&#8221; global_colors_info=&#8221;{}&#8221;]<\/p>\n<div id=\"panel-2249-0-0-0\" class=\"so-panel widget widget_themegrill_flash_heading tg-widget section-title-wrapper panel-first-child\" data-index=\"0\">\n<div class=\"section-description\">Kartenspiele werden heutzutage gerne als Werbegeschenk eingesetzt.<\/div>\n<div class=\"section-description\">F\u00fcr Unternehmen, die Kartenspiele als Werbeartikel einsetzen m\u00f6chten bestehen viele verschiedene M\u00f6glichkeiten.<\/div>\n<\/div>\n<div id=\"panel-2249-0-0-1\" class=\"widget_text so-panel widget widget_custom_html panel-last-child\" data-index=\"1\">\n<div class=\"textwidget custom-html-widget\">\n<p>Wichtig ist es darauf zu achten, dass das Firmenlogo bedrucken der R\u00fcckseite der Karten immer gleich geschieht.<\/p>\n<p>Eine unterschiedliche R\u00fcckenansicht der Karten ist bei den meisten Kartenspielen nicht m\u00f6glich. Die meisten Firmen m\u00f6chten nur <br \/>das Firmenlogo auf der R\u00fcckseite der Karten bedruckt haben. \u00bbWeniger\u00ab &#8211; ist bei Kartenspielen als Werbegeschenk einfach &#8211; \u00bbmehr\u00ab.<\/p>\n<p>Teure Umverpackungen der Kartenspiele sind h\u00e4ufig teurer als die Spielkarten selbst und haben wenig Wirkung. Wir raten unseren <br \/>Kunden normale Umverpackungen aus Pappe oder Kunststoff einzusetzen, aber wenn der Kunde es m\u00f6chte, k\u00f6nnen wir nat\u00fcrlich <br \/>auch fast alle Arten von Umverpackungen anbieten.<\/p>\n<\/div>\n<\/div>\n<p>[\/et_pb_text][et_pb_text _builder_version=&#8221;4.14.7&#8243; _module_preset=&#8221;default&#8221; text_font=&#8221;Montserrat|700|||||||&#8221; text_font_size=&#8221;30px&#8221; text_line_height=&#8221;1.2em&#8221; global_colors_info=&#8221;{}&#8221;]<\/p>\n<p>Ausf\u00fchrungen<\/p>\n<p>[\/et_pb_text][\/et_pb_column][\/et_pb_row][et_pb_row column_structure=&#8221;1_2,1_2&#8243; _builder_version=&#8221;4.14.7&#8243; _module_preset=&#8221;default&#8221; global_colors_info=&#8221;{}&#8221;][et_pb_column type=&#8221;1_2&#8243; _builder_version=&#8221;4.14.7&#8243; _module_preset=&#8221;default&#8221; global_colors_info=&#8221;{}&#8221;][et_pb_text admin_label=&#8221;description&#8221; _builder_version=&#8221;4.14.7&#8243; text_font=&#8221;||||||||&#8221; text_font_size=&#8221;16px&#8221; text_line_height=&#8221;1.8em&#8221; max_width_tablet=&#8221;89%&#8221; max_width_phone=&#8221;97%&#8221; max_width_last_edited=&#8221;off|desktop&#8221; custom_margin=&#8221;30px|||&#8221; custom_padding=&#8221;|||&#8221; locked=&#8221;off&#8221; global_colors_info=&#8221;{}&#8221;]<\/p>\n<div id=\"panel-2249-0-0-0\" class=\"so-panel widget widget_themegrill_flash_heading tg-widget section-title-wrapper panel-first-child\" data-index=\"0\">\n<div class=\"section-description\">\n<table>\n<tbody>\n<tr>\n<td class=\"tdfold02\">Skat<\/td>\n<td class=\"tdfold03\">32 Karten<\/td>\n<\/tr>\n<tr>\n<td class=\"tdfold02\">Romm\u00e9<\/td>\n<td class=\"tdfold03\">110 Karten (2 x 52 Karten + 6 Joker)<\/td>\n<\/tr>\n<tr>\n<td class=\"tdfold02\">Poker<\/td>\n<td class=\"tdfold03\">52 Karten<\/td>\n<\/tr>\n<tr>\n<td class=\"tdfold02\">Schafkopf<\/td>\n<td class=\"tdfold03\">32 Karten<\/td>\n<\/tr>\n<tr>\n<td class=\"tdfold02\">Mau-Mau<\/td>\n<td class=\"tdfold03\">32 Karten<\/td>\n<\/tr>\n<tr>\n<td class=\"tdfold02\">Uno<\/td>\n<td class=\"tdfold03\">108 Karten<\/td>\n<\/tr>\n<tr>\n<td class=\"tdfold02\">Bridge<\/td>\n<td class=\"tdfold03\">52 Karten<\/td>\n<\/tr>\n<tr>\n<td class=\"tdfold02\">Canasta<\/td>\n<td class=\"tdfold03\">108 Karten (2 x 52 + 4 Joker)<\/td>\n<\/tr>\n<tr>\n<td class=\"tdfold02\">11er Raus<\/td>\n<td class=\"tdfold03\">80 Karten (4 x 20)<\/td>\n<\/tr>\n<tr>\n<td class=\"tdfold02\">Black Jack<\/td>\n<td class=\"tdfold03\">52 Karten<\/td>\n<\/tr>\n<tr>\n<td class=\"tdfold02\">Gin Rummy<\/td>\n<td class=\"tdfold03\">52 Karten<\/td>\n<\/tr>\n<tr>\n<td class=\"tdfold02\">Quartett<\/td>\n<td class=\"tdfold03\">32 Karten (8 Quartetts)<\/td>\n<\/tr>\n<\/tbody>\n<\/table>\n<\/div>\n<\/div>\n<div id=\"panel-2249-0-0-1\" class=\"widget_text so-panel widget widget_custom_html panel-last-child\" data-index=\"1\">\n<div class=\"textwidget custom-html-widget\">\n<p>&nbsp;<\/p>\n<\/div>\n<\/div>\n<p>[\/et_pb_text][\/et_pb_column][et_pb_column type=&#8221;1_2&#8243; _builder_version=&#8221;4.14.7&#8243; _module_preset=&#8221;default&#8221; global_colors_info=&#8221;{}&#8221;][\/et_pb_column][\/et_pb_row][et_pb_row _builder_version=&#8221;4.14.7&#8243; _module_preset=&#8221;default&#8221; global_colors_info=&#8221;{}&#8221;][et_pb_column type=&#8221;4_4&#8243; _builder_version=&#8221;4.14.7&#8243; _module_preset=&#8221;default&#8221; global_colors_info=&#8221;{}&#8221;][\/et_pb_column][\/et_pb_row][\/et_pb_section]<\/p>\n","protected":false},"excerpt":{"rendered":"<p>KARTENSPIELE Kartenspiele werden heutzutage gerne als Werbegeschenk eingesetzt. F\u00fcr Unternehmen, die Kartenspiele als Werbeartikel einsetzen m\u00f6chten bestehen viele verschiedene M\u00f6glichkeiten. Wichtig ist es darauf zu achten, dass das Firmenlogo bedrucken der R\u00fcckseite der Karten immer gleich geschieht. Eine unterschiedliche R\u00fcckenansicht der Karten ist bei den meisten Kartenspielen nicht m\u00f6glich. Die meisten Firmen m\u00f6chten nur das [&hellip;]<\/p>\n","protected":false},"author":1,"featured_media":0,"parent":0,"menu_order":0,"comment_status":"closed","ping_status":"closed","template":"","meta":{"_et_pb_use_builder":"on","_et_pb_old_content":"","_et_gb_content_width":"","footnotes":""},"class_list":["post-126","page","type-page","status-publish","hentry"],"yoast_head":"<!-- This site is optimized with the Yoast SEO plugin v22.1 - https:\/\/yoast.com\/wordpress\/plugins\/seo\/ -->\n<title>Kartenspiele - We make it - you play it<\/title>\n<meta name=\"robots\" content=\"index, follow, max-snippet:-1, max-image-preview:large, max-video-preview:-1\" \/>\n<link rel=\"canonical\" href=\"https:\/\/linagames.de\/index.php\/kartenspiele\/\" \/>\n<meta property=\"og:locale\" content=\"en_US\" \/>\n<meta property=\"og:type\" content=\"article\" \/>\n<meta property=\"og:title\" content=\"Kartenspiele - We make it - you play it\" \/>\n<meta property=\"og:description\" content=\"KARTENSPIELE Kartenspiele werden heutzutage gerne als Werbegeschenk eingesetzt. F\u00fcr Unternehmen, die Kartenspiele als Werbeartikel einsetzen m\u00f6chten bestehen viele verschiedene M\u00f6glichkeiten. Wichtig ist es darauf zu achten, dass das Firmenlogo bedrucken der R\u00fcckseite der Karten immer gleich geschieht. Eine unterschiedliche R\u00fcckenansicht der Karten ist bei den meisten Kartenspielen nicht m\u00f6glich. Die meisten Firmen m\u00f6chten nur das [&hellip;]\" \/>\n<meta property=\"og:url\" content=\"https:\/\/linagames.de\/index.php\/kartenspiele\/\" \/>\n<meta property=\"og:site_name\" content=\"We make it - you play it\" \/>\n<meta property=\"article:modified_time\" content=\"2022-02-01T15:33:36+00:00\" \/>\n<meta name=\"twitter:card\" content=\"summary_large_image\" \/>\n<script type=\"application\/ld+json\" class=\"yoast-schema-graph\">{\"@context\":\"https:\/\/schema.org\",\"@graph\":[{\"@type\":\"WebPage\",\"@id\":\"https:\/\/linagames.de\/index.php\/kartenspiele\/\",\"url\":\"https:\/\/linagames.de\/index.php\/kartenspiele\/\",\"name\":\"Kartenspiele - We make it - you play it\",\"isPartOf\":{\"@id\":\"https:\/\/linagames.de\/#website\"},\"datePublished\":\"2022-02-01T10:57:07+00:00\",\"dateModified\":\"2022-02-01T15:33:36+00:00\",\"breadcrumb\":{\"@id\":\"https:\/\/linagames.de\/index.php\/kartenspiele\/#breadcrumb\"},\"inLanguage\":\"en-US\",\"potentialAction\":[{\"@type\":\"ReadAction\",\"target\":[\"https:\/\/linagames.de\/index.php\/kartenspiele\/\"]}]},{\"@type\":\"BreadcrumbList\",\"@id\":\"https:\/\/linagames.de\/index.php\/kartenspiele\/#breadcrumb\",\"itemListElement\":[{\"@type\":\"ListItem\",\"position\":1,\"name\":\"Home\",\"item\":\"https:\/\/linagames.de\/\"},{\"@type\":\"ListItem\",\"position\":2,\"name\":\"Kartenspiele\"}]},{\"@type\":\"WebSite\",\"@id\":\"https:\/\/linagames.de\/#website\",\"url\":\"https:\/\/linagames.de\/\",\"name\":\"We make it - you play it\",\"description\":\"Spiele f\u00fcr die Ganze Familie\",\"potentialAction\":[{\"@type\":\"SearchAction\",\"target\":{\"@type\":\"EntryPoint\",\"urlTemplate\":\"https:\/\/linagames.de\/?s={search_term_string}\"},\"query-input\":\"required name=search_term_string\"}],\"inLanguage\":\"en-US\"}]}<\/script>\n<!-- \/ Yoast SEO plugin. -->","yoast_head_json":{"title":"Kartenspiele - We make it - you play it","robots":{"index":"index","follow":"follow","max-snippet":"max-snippet:-1","max-image-preview":"max-image-preview:large","max-video-preview":"max-video-preview:-1"},"canonical":"https:\/\/linagames.de\/index.php\/kartenspiele\/","og_locale":"en_US","og_type":"article","og_title":"Kartenspiele - We make it - you play it","og_description":"KARTENSPIELE Kartenspiele werden heutzutage gerne als Werbegeschenk eingesetzt. F\u00fcr Unternehmen, die Kartenspiele als Werbeartikel einsetzen m\u00f6chten bestehen viele verschiedene M\u00f6glichkeiten. Wichtig ist es darauf zu achten, dass das Firmenlogo bedrucken der R\u00fcckseite der Karten immer gleich geschieht. Eine unterschiedliche R\u00fcckenansicht der Karten ist bei den meisten Kartenspielen nicht m\u00f6glich. Die meisten Firmen m\u00f6chten nur das [&hellip;]","og_url":"https:\/\/linagames.de\/index.php\/kartenspiele\/","og_site_name":"We make it - you play it","article_modified_time":"2022-02-01T15:33:36+00:00","twitter_card":"summary_large_image","schema":{"@context":"https:\/\/schema.org","@graph":[{"@type":"WebPage","@id":"https:\/\/linagames.de\/index.php\/kartenspiele\/","url":"https:\/\/linagames.de\/index.php\/kartenspiele\/","name":"Kartenspiele - We make it - you play it","isPartOf":{"@id":"https:\/\/linagames.de\/#website"},"datePublished":"2022-02-01T10:57:07+00:00","dateModified":"2022-02-01T15:33:36+00:00","breadcrumb":{"@id":"https:\/\/linagames.de\/index.php\/kartenspiele\/#breadcrumb"},"inLanguage":"en-US","potentialAction":[{"@type":"ReadAction","target":["https:\/\/linagames.de\/index.php\/kartenspiele\/"]}]},{"@type":"BreadcrumbList","@id":"https:\/\/linagames.de\/index.php\/kartenspiele\/#breadcrumb","itemListElement":[{"@type":"ListItem","position":1,"name":"Home","item":"https:\/\/linagames.de\/"},{"@type":"ListItem","position":2,"name":"Kartenspiele"}]},{"@type":"WebSite","@id":"https:\/\/linagames.de\/#website","url":"https:\/\/linagames.de\/","name":"We make it - you play it","description":"Spiele f\u00fcr die Ganze Familie","potentialAction":[{"@type":"SearchAction","target":{"@type":"EntryPoint","urlTemplate":"https:\/\/linagames.de\/?s={search_term_string}"},"query-input":"required name=search_term_string"}],"inLanguage":"en-US"}]}},"_links":{"self":[{"href":"https:\/\/linagames.de\/index.php\/wp-json\/wp\/v2\/pages\/126","targetHints":{"allow":["GET"]}}],"collection":[{"href":"https:\/\/linagames.de\/index.php\/wp-json\/wp\/v2\/pages"}],"about":[{"href":"https:\/\/linagames.de\/index.php\/wp-json\/wp\/v2\/types\/page"}],"author":[{"embeddable":true,"href":"https:\/\/linagames.de\/index.php\/wp-json\/wp\/v2\/users\/1"}],"replies":[{"embeddable":true,"href":"https:\/\/linagames.de\/index.php\/wp-json\/wp\/v2\/comments?post=126"}],"version-history":[{"count":4,"href":"https:\/\/linagames.de\/index.php\/wp-json\/wp\/v2\/pages\/126\/revisions"}],"predecessor-version":[{"id":194,"href":"https:\/\/linagames.de\/index.php\/wp-json\/wp\/v2\/pages\/126\/revisions\/194"}],"wp:attachment":[{"href":"https:\/\/linagames.de\/index.php\/wp-json\/wp\/v2\/media?parent=126"}],"curies":[{"name":"wp","href":"https:\/\/api.w.org\/{rel}","templated":true}]}}