{"id":119,"date":"2022-02-01T10:53:07","date_gmt":"2022-02-01T10:53:07","guid":{"rendered":"https:\/\/linagames.de\/?page_id=119"},"modified":"2022-02-01T15:33:02","modified_gmt":"2022-02-01T15:33:02","slug":"seniorenspiel","status":"publish","type":"page","link":"https:\/\/linagames.de\/index.php\/seniorenspiel\/","title":{"rendered":"Seniorenspiel"},"content":{"rendered":"<p>[et_pb_section fb_built=&#8221;1&#8243; admin_label=&#8221;Hero&#8221; _builder_version=&#8221;4.14.7&#8243; background_color=&#8221;rgba(12,113,195,0.55)&#8221; use_background_color_gradient=&#8221;on&#8221; background_color_gradient_end=&#8221;#165d8c&#8221; background_color_gradient_direction=&#8221;271deg&#8221; background_image=&#8221;https:\/\/linagames.de\/wp-content\/uploads\/2022\/02\/Background_Header-scaled.jpg&#8221; background_blend=&#8221;multiply&#8221; locked=&#8221;off&#8221; global_colors_info=&#8221;{}&#8221;][et_pb_row make_equal=&#8221;on&#8221; _builder_version=&#8221;4.14.7&#8243; background_size=&#8221;initial&#8221; background_position=&#8221;top_left&#8221; background_repeat=&#8221;repeat&#8221; width=&#8221;100%&#8221; max_width=&#8221;100%&#8221; custom_margin=&#8221;|||&#8221; custom_padding=&#8221;|||&#8221; use_custom_width=&#8221;on&#8221; width_unit=&#8221;off&#8221; custom_width_percent=&#8221;100%&#8221; global_colors_info=&#8221;{}&#8221;][et_pb_column type=&#8221;4_4&#8243; _builder_version=&#8221;4.14.7&#8243; custom_padding=&#8221;60px|0px|100px||false|false&#8221; custom_padding_tablet=&#8221;20px|10%|0px|10%&#8221; custom_padding_phone=&#8221;20px|10%|0px|10%&#8221; custom_padding_last_edited=&#8221;on|desktop&#8221; global_colors_info=&#8221;{}&#8221; custom_padding__hover=&#8221;|||&#8221;][et_pb_text _builder_version=&#8221;4.14.7&#8243; _module_preset=&#8221;default&#8221; text_font=&#8221;Montserrat|900|||||||&#8221; text_text_color=&#8221;#FFFFFF&#8221; text_font_size=&#8221;62px&#8221; text_line_height=&#8221;0.2em&#8221; text_orientation=&#8221;center&#8221; custom_margin=&#8221;50px||||false|false&#8221; hover_enabled=&#8221;0&#8243; global_colors_info=&#8221;{}&#8221; sticky_enabled=&#8221;0&#8243; text_font_size_last_edited=&#8221;on|phone&#8221; text_font_size_phone=&#8221;34px&#8221; text_font_size_tablet=&#8221;62px&#8221;]<\/p>\n<p><b>SENIORENSPIEL<\/b><\/p>\n<p>[\/et_pb_text][et_pb_divider color=&#8221;#79c9d2&#8243; divider_position=&#8221;center&#8221; divider_weight=&#8221;7px&#8221; _builder_version=&#8221;4.14.7&#8243; max_width=&#8221;90px&#8221; max_width_tablet=&#8221;13%&#8221; max_width_last_edited=&#8221;off|desktop&#8221; module_alignment=&#8221;center&#8221; custom_margin=&#8221;15px|||&#8221; custom_padding=&#8221;|||&#8221; locked=&#8221;off&#8221; global_colors_info=&#8221;{}&#8221;][\/et_pb_divider][\/et_pb_column][\/et_pb_row][\/et_pb_section][et_pb_section fb_built=&#8221;1&#8243; _builder_version=&#8221;4.14.7&#8243; _module_preset=&#8221;default&#8221; locked=&#8221;off&#8221; global_colors_info=&#8221;{}&#8221;][et_pb_row _builder_version=&#8221;4.14.7&#8243; _module_preset=&#8221;default&#8221; global_colors_info=&#8221;{}&#8221;][et_pb_column type=&#8221;4_4&#8243; _builder_version=&#8221;4.14.7&#8243; _module_preset=&#8221;default&#8221; global_colors_info=&#8221;{}&#8221;][et_pb_text _builder_version=&#8221;4.14.7&#8243; _module_preset=&#8221;default&#8221; text_font=&#8221;Montserrat|700|||||||&#8221; text_font_size=&#8221;30px&#8221; text_line_height=&#8221;1.2em&#8221; text_orientation=&#8221;center&#8221; locked=&#8221;off&#8221; global_colors_info=&#8221;{}&#8221;]<\/p>\n<p>Wieso gibt es eigentlich keine Gesellschaftsspiele f\u00fcr Senioren?<\/p>\n<p>[\/et_pb_text][et_pb_image src=&#8221;https:\/\/linagames.de\/wp-content\/uploads\/2022\/02\/Banner_Seniorenspiel_new.jpg&#8221; title_text=&#8221;Banner_Seniorenspiel_new&#8221; _builder_version=&#8221;4.14.7&#8243; _module_preset=&#8221;default&#8221; global_colors_info=&#8221;{}&#8221;][\/et_pb_image][\/et_pb_column][\/et_pb_row][\/et_pb_section][et_pb_section fb_built=&#8221;1&#8243; admin_label=&#8221;About&#8221; _builder_version=&#8221;4.14.7&#8243; custom_padding=&#8221;10px|0px|5px|0px|false|false&#8221; locked=&#8221;off&#8221; global_colors_info=&#8221;{}&#8221;][et_pb_row column_structure=&#8221;1_2,1_2&#8243; _builder_version=&#8221;4.14.7&#8243; _module_preset=&#8221;default&#8221; global_colors_info=&#8221;{}&#8221;][et_pb_column type=&#8221;1_2&#8243; _builder_version=&#8221;4.14.7&#8243; _module_preset=&#8221;default&#8221; global_colors_info=&#8221;{}&#8221;][et_pb_image src=&#8221;https:\/\/linagames.de\/wp-content\/uploads\/2022\/02\/seniorenspiel_final.jpg&#8221; title_text=&#8221;seniorenspiel_final&#8221; _builder_version=&#8221;4.14.7&#8243; _module_preset=&#8221;default&#8221; global_colors_info=&#8221;{}&#8221;][\/et_pb_image][et_pb_text _builder_version=&#8221;4.14.7&#8243; _module_preset=&#8221;default&#8221; text_font=&#8221;Montserrat|700|||||||&#8221; text_font_size=&#8221;30px&#8221; text_line_height=&#8221;1.2em&#8221; global_colors_info=&#8221;{}&#8221;]<\/p>\n<p>Spielanleitung<\/p>\n<p>[\/et_pb_text][et_pb_text admin_label=&#8221;description&#8221; _builder_version=&#8221;4.14.7&#8243; text_font=&#8221;||||||||&#8221; text_font_size=&#8221;16px&#8221; text_line_height=&#8221;1.8em&#8221; max_width_tablet=&#8221;89%&#8221; max_width_phone=&#8221;97%&#8221; max_width_last_edited=&#8221;off|desktop&#8221; custom_margin=&#8221;30px|||&#8221; custom_padding=&#8221;|||&#8221; global_colors_info=&#8221;{}&#8221;]<\/p>\n<p><span>In der Grundausstattung werden Berufe aus der guten alten Zeit erraten. Jede Karte stellt eine Frage zu einem Beruf und hat bis zu 4 Hilfestellungen um die Frage zu beantworten. Falls die Frage vom Spieler nicht beantwortet werden kann gibt der Spielleiter die erste Hilfestellung. Jetzt darf jeder Spieler antworten. Der erste Spieler der die Frage korrekt beantwortet kann dann die gew\u00fcrfelte Anzahl Augen vorr\u00fccken. Das besondere bei diesem Spiel ist, dass alle Spieler direkt in das Geschehen involviert werden und die Gemeinsamkeit der eigentliche Erfolg ist.<\/span><\/p>\n<p>[\/et_pb_text][et_pb_text _builder_version=&#8221;4.14.7&#8243; _module_preset=&#8221;default&#8221; text_font=&#8221;Montserrat|700|||||||&#8221; text_font_size=&#8221;30px&#8221; text_line_height=&#8221;1.2em&#8221; global_colors_info=&#8221;{}&#8221;]<\/p>\n<p>Erweiterungssets<\/p>\n<p>[\/et_pb_text][et_pb_text admin_label=&#8221;description&#8221; _builder_version=&#8221;4.14.7&#8243; text_font=&#8221;||||||||&#8221; text_font_size=&#8221;16px&#8221; text_line_height=&#8221;1.8em&#8221; max_width_tablet=&#8221;89%&#8221; max_width_phone=&#8221;97%&#8221; max_width_last_edited=&#8221;off|desktop&#8221; custom_margin=&#8221;30px|||&#8221; custom_padding=&#8221;|||&#8221; global_colors_info=&#8221;{}&#8221;]<\/p>\n<p><span>Das Spiel ist so konzipiert, dass es f\u00fcr weitere Fragekategorien eingesetzt werden kann. Aus dem Grund k\u00f6nnen weitere Fragen zu folgenden Bereichen zus\u00e4tzlich geordert werden:<\/span><br \/><span>Kinofilme, Fernsehsendungen, Sprichw\u00f6rter, Die 60er Jahre, Die 70er Jahre, Die 80er Jahre, Fr\u00fchling, Sommer, Herbst, Winter<\/span><\/p>\n<p><span>Es ist also nicht notwendig ein vollst\u00e4ndiges neues Spiel zu kaufen. Es reicht vollkommen aus die Karten in der gew\u00fcnschten Kategorie nach zu ordern. Es sind 60 Karten je Block.<\/span><\/p>\n<p><span>Diese Spielkarten erscheinen bereits im Jahre 2019. Im Jahre 2020 erscheinen weitere 15 Bl\u00f6cke mit den verschiedenen Frage Bereichen.<\/span><\/p>\n<p>[\/et_pb_text][\/et_pb_column][et_pb_column type=&#8221;1_2&#8243; _builder_version=&#8221;4.14.7&#8243; _module_preset=&#8221;default&#8221; global_colors_info=&#8221;{}&#8221;][et_pb_text _builder_version=&#8221;4.14.7&#8243; _module_preset=&#8221;default&#8221; text_font=&#8221;Montserrat|700|||||||&#8221; text_font_size=&#8221;30px&#8221; text_line_height=&#8221;1.2em&#8221; global_colors_info=&#8221;{}&#8221;]<\/p>\n<p>Das Spiel<\/p>\n<p>[\/et_pb_text][et_pb_text admin_label=&#8221;description&#8221; _builder_version=&#8221;4.14.7&#8243; text_font=&#8221;||||||||&#8221; text_font_size=&#8221;16px&#8221; text_line_height=&#8221;1.8em&#8221; max_width_tablet=&#8221;89%&#8221; max_width_phone=&#8221;97%&#8221; max_width_last_edited=&#8221;off|desktop&#8221; custom_margin=&#8221;30px|||&#8221; custom_padding=&#8221;|||&#8221; global_colors_info=&#8221;{}&#8221;]<\/p>\n<p><span>Das Spiel \u201e Wir gewinnen gemeinsam\u201c wurde von G\u00fcnter Prix erfunden. Sein Bestreben war es Materialien zu erfinden die ausschlie\u00dflich im Seniorenheimbereich Verwendung finden.<\/span><br \/><span>Die Anforderungen konnte von bestehenden Verlagen nicht erf\u00fcllt werden. Im Spielebereich ist dies die gleiche Situation. Das hat G\u00fcnter Prix veranlasst ein Spiel zu entwickeln das u.a. im Bereich Seniorenheime und von Senioren genutzt werden kann.<\/span><\/p>\n<p><span>In diesem Spiel gibt es\u00a0<\/span><b>keine Verlierer oder Gewinner<\/b><span>. Es werden Kameradschaften und Freundschaften aufgebaut die weit \u00fcber das Spiel hinausgehen. Das Spiel soll das Ged\u00e4chtnis anregen und die Spieler sollen sich an Ihre Zeit zur\u00fcck erinnern und somit aktiv an dem Spiel teilhaben. Einen Sieger gibt es nicht. Vielmehr sollen alle gemeinsam zum Ziel kommen welches den Gemeinschaftssinn f\u00f6rdert.<\/span><\/p>\n<p>[\/et_pb_text][et_pb_image src=&#8221;https:\/\/linagames.de\/wp-content\/uploads\/2022\/02\/Mockup_Karten_neu.jpg&#8221; title_text=&#8221;Mockup_Karten_neu&#8221; _builder_version=&#8221;4.14.7&#8243; _module_preset=&#8221;default&#8221; global_colors_info=&#8221;{}&#8221;][\/et_pb_image][et_pb_text _builder_version=&#8221;4.14.7&#8243; _module_preset=&#8221;default&#8221; text_font=&#8221;Montserrat|700|||||||&#8221; text_font_size=&#8221;30px&#8221; text_line_height=&#8221;1.2em&#8221; global_colors_info=&#8221;{}&#8221;]<\/p>\n<p>Inhalt &amp; Spieldauer<\/p>\n<p>[\/et_pb_text][et_pb_text admin_label=&#8221;description&#8221; _builder_version=&#8221;4.14.7&#8243; text_font=&#8221;||||||||&#8221; text_font_size=&#8221;16px&#8221; text_line_height=&#8221;1.8em&#8221; max_width_tablet=&#8221;89%&#8221; max_width_phone=&#8221;97%&#8221; max_width_last_edited=&#8221;off|desktop&#8221; custom_margin=&#8221;30px|||&#8221; custom_padding=&#8221;|||&#8221; global_colors_info=&#8221;{}&#8221;]<\/p>\n<p><span>Das Spiel besteht aus Fragekarten, 5 gro\u00dfen W\u00fcrfeln, 5 gro\u00dfen Spielsteinen, 1 Spielplan und 1 Spielregeln. Die Fragekarten sind sehr hochwertig und dazu sehr gro\u00df und \u201edick\u201c und damit sehr einfach festzuhalten. Die W\u00fcrfel und Spielsteine sind ebenfalls wesentlich gr\u00f6\u00dfer als normal und bieten dadurch den notwendigen Komfort und Sicherheit f\u00fcr die Spieler.<\/span><\/p>\n<p><span>Die Spieldauer betr\u00e4gt 15 bis 30 Minuten, bei 3 bis 5 Spielern.<\/span><\/p>\n<p>[\/et_pb_text][\/et_pb_column][\/et_pb_row][et_pb_row _builder_version=&#8221;4.14.7&#8243; _module_preset=&#8221;default&#8221; global_colors_info=&#8221;{}&#8221;][et_pb_column type=&#8221;4_4&#8243; _builder_version=&#8221;4.14.7&#8243; _module_preset=&#8221;default&#8221; global_colors_info=&#8221;{}&#8221;][\/et_pb_column][\/et_pb_row][\/et_pb_section]<\/p>\n","protected":false},"excerpt":{"rendered":"<p>SENIORENSPIELWieso gibt es eigentlich keine Gesellschaftsspiele f\u00fcr Senioren?SpielanleitungIn der Grundausstattung werden Berufe aus der guten alten Zeit erraten. Jede Karte stellt eine Frage zu einem Beruf und hat bis zu 4 Hilfestellungen um die Frage zu beantworten. Falls die Frage vom Spieler nicht beantwortet werden kann gibt der Spielleiter die erste Hilfestellung. Jetzt darf jeder [&hellip;]<\/p>\n","protected":false},"author":1,"featured_media":0,"parent":0,"menu_order":0,"comment_status":"closed","ping_status":"closed","template":"","meta":{"_et_pb_use_builder":"on","_et_pb_old_content":"","_et_gb_content_width":"","footnotes":""},"class_list":["post-119","page","type-page","status-publish","hentry"],"yoast_head":"<!-- This site is optimized with the Yoast SEO plugin v22.1 - https:\/\/yoast.com\/wordpress\/plugins\/seo\/ -->\n<title>Seniorenspiel - We make it - you play it<\/title>\n<meta name=\"robots\" content=\"index, follow, max-snippet:-1, max-image-preview:large, max-video-preview:-1\" \/>\n<link rel=\"canonical\" href=\"https:\/\/linagames.de\/index.php\/seniorenspiel\/\" \/>\n<meta property=\"og:locale\" content=\"en_US\" \/>\n<meta property=\"og:type\" content=\"article\" \/>\n<meta property=\"og:title\" content=\"Seniorenspiel - We make it - you play it\" \/>\n<meta property=\"og:description\" content=\"SENIORENSPIELWieso gibt es eigentlich keine Gesellschaftsspiele f\u00fcr Senioren?SpielanleitungIn der Grundausstattung werden Berufe aus der guten alten Zeit erraten. Jede Karte stellt eine Frage zu einem Beruf und hat bis zu 4 Hilfestellungen um die Frage zu beantworten. Falls die Frage vom Spieler nicht beantwortet werden kann gibt der Spielleiter die erste Hilfestellung. Jetzt darf jeder [&hellip;]\" \/>\n<meta property=\"og:url\" content=\"https:\/\/linagames.de\/index.php\/seniorenspiel\/\" \/>\n<meta property=\"og:site_name\" content=\"We make it - you play it\" \/>\n<meta property=\"article:modified_time\" content=\"2022-02-01T15:33:02+00:00\" \/>\n<meta name=\"twitter:card\" content=\"summary_large_image\" \/>\n<script type=\"application\/ld+json\" class=\"yoast-schema-graph\">{\"@context\":\"https:\/\/schema.org\",\"@graph\":[{\"@type\":\"WebPage\",\"@id\":\"https:\/\/linagames.de\/index.php\/seniorenspiel\/\",\"url\":\"https:\/\/linagames.de\/index.php\/seniorenspiel\/\",\"name\":\"Seniorenspiel - We make it - you play it\",\"isPartOf\":{\"@id\":\"https:\/\/linagames.de\/#website\"},\"datePublished\":\"2022-02-01T10:53:07+00:00\",\"dateModified\":\"2022-02-01T15:33:02+00:00\",\"breadcrumb\":{\"@id\":\"https:\/\/linagames.de\/index.php\/seniorenspiel\/#breadcrumb\"},\"inLanguage\":\"en-US\",\"potentialAction\":[{\"@type\":\"ReadAction\",\"target\":[\"https:\/\/linagames.de\/index.php\/seniorenspiel\/\"]}]},{\"@type\":\"BreadcrumbList\",\"@id\":\"https:\/\/linagames.de\/index.php\/seniorenspiel\/#breadcrumb\",\"itemListElement\":[{\"@type\":\"ListItem\",\"position\":1,\"name\":\"Home\",\"item\":\"https:\/\/linagames.de\/\"},{\"@type\":\"ListItem\",\"position\":2,\"name\":\"Seniorenspiel\"}]},{\"@type\":\"WebSite\",\"@id\":\"https:\/\/linagames.de\/#website\",\"url\":\"https:\/\/linagames.de\/\",\"name\":\"We make it - you play it\",\"description\":\"Spiele f\u00fcr die Ganze Familie\",\"potentialAction\":[{\"@type\":\"SearchAction\",\"target\":{\"@type\":\"EntryPoint\",\"urlTemplate\":\"https:\/\/linagames.de\/?s={search_term_string}\"},\"query-input\":\"required name=search_term_string\"}],\"inLanguage\":\"en-US\"}]}<\/script>\n<!-- \/ Yoast SEO plugin. -->","yoast_head_json":{"title":"Seniorenspiel - We make it - you play it","robots":{"index":"index","follow":"follow","max-snippet":"max-snippet:-1","max-image-preview":"max-image-preview:large","max-video-preview":"max-video-preview:-1"},"canonical":"https:\/\/linagames.de\/index.php\/seniorenspiel\/","og_locale":"en_US","og_type":"article","og_title":"Seniorenspiel - We make it - you play it","og_description":"SENIORENSPIELWieso gibt es eigentlich keine Gesellschaftsspiele f\u00fcr Senioren?SpielanleitungIn der Grundausstattung werden Berufe aus der guten alten Zeit erraten. Jede Karte stellt eine Frage zu einem Beruf und hat bis zu 4 Hilfestellungen um die Frage zu beantworten. Falls die Frage vom Spieler nicht beantwortet werden kann gibt der Spielleiter die erste Hilfestellung. Jetzt darf jeder [&hellip;]","og_url":"https:\/\/linagames.de\/index.php\/seniorenspiel\/","og_site_name":"We make it - you play it","article_modified_time":"2022-02-01T15:33:02+00:00","twitter_card":"summary_large_image","schema":{"@context":"https:\/\/schema.org","@graph":[{"@type":"WebPage","@id":"https:\/\/linagames.de\/index.php\/seniorenspiel\/","url":"https:\/\/linagames.de\/index.php\/seniorenspiel\/","name":"Seniorenspiel - We make it - you play it","isPartOf":{"@id":"https:\/\/linagames.de\/#website"},"datePublished":"2022-02-01T10:53:07+00:00","dateModified":"2022-02-01T15:33:02+00:00","breadcrumb":{"@id":"https:\/\/linagames.de\/index.php\/seniorenspiel\/#breadcrumb"},"inLanguage":"en-US","potentialAction":[{"@type":"ReadAction","target":["https:\/\/linagames.de\/index.php\/seniorenspiel\/"]}]},{"@type":"BreadcrumbList","@id":"https:\/\/linagames.de\/index.php\/seniorenspiel\/#breadcrumb","itemListElement":[{"@type":"ListItem","position":1,"name":"Home","item":"https:\/\/linagames.de\/"},{"@type":"ListItem","position":2,"name":"Seniorenspiel"}]},{"@type":"WebSite","@id":"https:\/\/linagames.de\/#website","url":"https:\/\/linagames.de\/","name":"We make it - you play it","description":"Spiele f\u00fcr die Ganze Familie","potentialAction":[{"@type":"SearchAction","target":{"@type":"EntryPoint","urlTemplate":"https:\/\/linagames.de\/?s={search_term_string}"},"query-input":"required name=search_term_string"}],"inLanguage":"en-US"}]}},"_links":{"self":[{"href":"https:\/\/linagames.de\/index.php\/wp-json\/wp\/v2\/pages\/119","targetHints":{"allow":["GET"]}}],"collection":[{"href":"https:\/\/linagames.de\/index.php\/wp-json\/wp\/v2\/pages"}],"about":[{"href":"https:\/\/linagames.de\/index.php\/wp-json\/wp\/v2\/types\/page"}],"author":[{"embeddable":true,"href":"https:\/\/linagames.de\/index.php\/wp-json\/wp\/v2\/users\/1"}],"replies":[{"embeddable":true,"href":"https:\/\/linagames.de\/index.php\/wp-json\/wp\/v2\/comments?post=119"}],"version-history":[{"count":4,"href":"https:\/\/linagames.de\/index.php\/wp-json\/wp\/v2\/pages\/119\/revisions"}],"predecessor-version":[{"id":193,"href":"https:\/\/linagames.de\/index.php\/wp-json\/wp\/v2\/pages\/119\/revisions\/193"}],"wp:attachment":[{"href":"https:\/\/linagames.de\/index.php\/wp-json\/wp\/v2\/media?parent=119"}],"curies":[{"name":"wp","href":"https:\/\/api.w.org\/{rel}","templated":true}]}}