{"id":112,"date":"2022-02-01T10:46:10","date_gmt":"2022-02-01T10:46:10","guid":{"rendered":"https:\/\/linagames.de\/?page_id=112"},"modified":"2022-02-01T15:31:46","modified_gmt":"2022-02-01T15:31:46","slug":"zoopanic","status":"publish","type":"page","link":"https:\/\/linagames.de\/index.php\/zoopanic\/","title":{"rendered":"Zoopanic"},"content":{"rendered":"<p>[et_pb_section fb_built=&#8221;1&#8243; admin_label=&#8221;Hero&#8221; _builder_version=&#8221;4.14.7&#8243; background_color=&#8221;rgba(12,113,195,0.55)&#8221; use_background_color_gradient=&#8221;on&#8221; background_color_gradient_end=&#8221;#165d8c&#8221; background_color_gradient_direction=&#8221;271deg&#8221; background_image=&#8221;https:\/\/linagames.de\/wp-content\/uploads\/2022\/02\/Background_Header-scaled.jpg&#8221; background_blend=&#8221;multiply&#8221; locked=&#8221;off&#8221; global_colors_info=&#8221;{}&#8221;][et_pb_row make_equal=&#8221;on&#8221; _builder_version=&#8221;4.14.7&#8243; background_size=&#8221;initial&#8221; background_position=&#8221;top_left&#8221; background_repeat=&#8221;repeat&#8221; width=&#8221;100%&#8221; max_width=&#8221;100%&#8221; custom_margin=&#8221;|||&#8221; custom_padding=&#8221;|||&#8221; use_custom_width=&#8221;on&#8221; width_unit=&#8221;off&#8221; custom_width_percent=&#8221;100%&#8221; global_colors_info=&#8221;{}&#8221;][et_pb_column type=&#8221;4_4&#8243; _builder_version=&#8221;4.14.7&#8243; custom_padding=&#8221;60px|0px|100px||false|false&#8221; custom_padding_tablet=&#8221;20px|10%|0px|10%&#8221; custom_padding_phone=&#8221;20px|10%|0px|10%&#8221; custom_padding_last_edited=&#8221;on|desktop&#8221; global_colors_info=&#8221;{}&#8221; custom_padding__hover=&#8221;|||&#8221;][et_pb_text _builder_version=&#8221;4.14.7&#8243; _module_preset=&#8221;default&#8221; text_font=&#8221;Montserrat|900|||||||&#8221; text_text_color=&#8221;#FFFFFF&#8221; text_font_size=&#8221;62px&#8221; text_line_height=&#8221;0.2em&#8221; text_orientation=&#8221;center&#8221; custom_margin=&#8221;50px||||false|false&#8221; hover_enabled=&#8221;0&#8243; global_colors_info=&#8221;{}&#8221; text_font_size_last_edited=&#8221;on|phone&#8221; text_font_size_phone=&#8221;40px&#8221; sticky_enabled=&#8221;0&#8243; text_font_size_tablet=&#8221;62px&#8221;]<\/p>\n<p><b>ZOOPANIC<\/b><\/p>\n<p>[\/et_pb_text][et_pb_divider color=&#8221;#79c9d2&#8243; divider_position=&#8221;center&#8221; divider_weight=&#8221;7px&#8221; _builder_version=&#8221;4.14.7&#8243; max_width=&#8221;90px&#8221; max_width_tablet=&#8221;13%&#8221; max_width_last_edited=&#8221;off|desktop&#8221; module_alignment=&#8221;center&#8221; custom_margin=&#8221;15px|||&#8221; custom_padding=&#8221;|||&#8221; locked=&#8221;off&#8221; global_colors_info=&#8221;{}&#8221;][\/et_pb_divider][\/et_pb_column][\/et_pb_row][\/et_pb_section][et_pb_section fb_built=&#8221;1&#8243; _builder_version=&#8221;4.14.7&#8243; _module_preset=&#8221;default&#8221; locked=&#8221;off&#8221; global_colors_info=&#8221;{}&#8221;][et_pb_row _builder_version=&#8221;4.14.7&#8243; _module_preset=&#8221;default&#8221; global_colors_info=&#8221;{}&#8221;][et_pb_column type=&#8221;4_4&#8243; _builder_version=&#8221;4.14.7&#8243; _module_preset=&#8221;default&#8221; global_colors_info=&#8221;{}&#8221;][et_pb_image src=&#8221;https:\/\/linagames.de\/wp-content\/uploads\/2022\/02\/Banner_Zoopanic_new-min.jpg&#8221; title_text=&#8221;Banner_Zoopanic_new-min&#8221; _builder_version=&#8221;4.14.7&#8243; _module_preset=&#8221;default&#8221; global_colors_info=&#8221;{}&#8221;][\/et_pb_image][\/et_pb_column][\/et_pb_row][\/et_pb_section][et_pb_section fb_built=&#8221;1&#8243; admin_label=&#8221;About&#8221; _builder_version=&#8221;4.14.7&#8243; custom_padding=&#8221;1px|0px|100px|0px|false|false&#8221; hover_enabled=&#8221;0&#8243; locked=&#8221;off&#8221; global_colors_info=&#8221;{}&#8221; custom_margin_last_edited=&#8221;on|phone&#8221; sticky_enabled=&#8221;0&#8243;][et_pb_row column_structure=&#8221;1_2,1_2&#8243; _builder_version=&#8221;4.14.7&#8243; _module_preset=&#8221;default&#8221; global_colors_info=&#8221;{}&#8221;][et_pb_column type=&#8221;1_2&#8243; _builder_version=&#8221;4.14.7&#8243; _module_preset=&#8221;default&#8221; global_colors_info=&#8221;{}&#8221;][et_pb_image src=&#8221;https:\/\/linagames.de\/wp-content\/uploads\/2022\/02\/zoopanic_offen_final.jpg&#8221; title_text=&#8221;zoopanic_offen_final&#8221; _builder_version=&#8221;4.14.7&#8243; _module_preset=&#8221;default&#8221; global_colors_info=&#8221;{}&#8221;][\/et_pb_image][et_pb_text _builder_version=&#8221;4.14.7&#8243; _module_preset=&#8221;default&#8221; text_font=&#8221;Montserrat|700|||||||&#8221; text_font_size=&#8221;30px&#8221; text_line_height=&#8221;1.2em&#8221; global_colors_info=&#8221;{}&#8221;]<\/p>\n<p>Inhalt:<\/p>\n<p>[\/et_pb_text][et_pb_text admin_label=&#8221;description&#8221; _builder_version=&#8221;4.14.7&#8243; text_font=&#8221;||||||||&#8221; text_font_size=&#8221;16px&#8221; text_line_height=&#8221;1.8em&#8221; max_width_tablet=&#8221;89%&#8221; max_width_phone=&#8221;97%&#8221; max_width_last_edited=&#8221;off|desktop&#8221; custom_margin=&#8221;30px|||&#8221; custom_padding=&#8221;|||&#8221; global_colors_info=&#8221;{}&#8221;]<\/p>\n<ul>\n<li>22 Tierkarten<\/li>\n<li>22 Pokalkarten<\/li>\n<li>4 Zoow\u00e4rter Figuren<\/li>\n<li>2 Auto Spielfiguren<\/li>\n<li>1 gro\u00dfer W\u00fcrfel<\/li>\n<li>1 Spielplan<\/li>\n<li>1 Spielregeln<\/li>\n<\/ul>\n<p><span>Spieldauer: ca. 20 Min.<\/span><br \/><span>2 bis 4 Spieler<\/span><br \/><span>ab 4 Jahre<\/span><\/p>\n<p>[\/et_pb_text][\/et_pb_column][et_pb_column type=&#8221;1_2&#8243; _builder_version=&#8221;4.14.7&#8243; _module_preset=&#8221;default&#8221; global_colors_info=&#8221;{}&#8221;][et_pb_text _builder_version=&#8221;4.14.7&#8243; _module_preset=&#8221;default&#8221; text_font=&#8221;Montserrat|700|||||||&#8221; text_font_size=&#8221;30px&#8221; text_line_height=&#8221;1.2em&#8221; global_colors_info=&#8221;{}&#8221;]<\/p>\n<p>Das Spiel<\/p>\n<p>[\/et_pb_text][et_pb_text admin_label=&#8221;description&#8221; _builder_version=&#8221;4.14.7&#8243; text_font=&#8221;||||||||&#8221; text_font_size=&#8221;16px&#8221; text_line_height=&#8221;1.8em&#8221; max_width_tablet=&#8221;89%&#8221; max_width_phone=&#8221;97%&#8221; max_width_last_edited=&#8221;off|desktop&#8221; custom_margin=&#8221;30px|||&#8221; custom_padding=&#8221;|||&#8221; global_colors_info=&#8221;{}&#8221;]<\/p>\n<p><span>Jemand hat \u00fcber Nacht vergessen, die K\u00e4fige im Zoo zu schlie\u00dfen. Die armen Tiere sind vor Schreck im Zoo umher gelaufen und sitzen jetzt in den falschen K\u00e4figen und ben\u00f6tigen Eure Hilfe. K\u00f6nnt Ihr den armen Tieren dabei helfen, wieder in ihre eigenen K\u00e4fige zur\u00fcck zu kehren?<\/span><\/p>\n<p><span>Jedes mal wenn ein Spieler ein Tier geholfen hat in seinen eigenen K\u00e4fig zur\u00fcck zu kehren erh\u00e4lt dieser Spieler eine Pokalkarte. Mit Geschick kann ein Auto ergattert werden und dann darf die doppelte Anzahl gew\u00fcrfelter Augen gegangen werden. Der Spieler, der den meisten Tieren geholfen hat in die eigenen K\u00e4fige zur\u00fcck zu kehren hat die meisten Pokale erhalten und somit das Spiel gewonnen.<\/span><\/p>\n<p><span>Das Spiel ist aus sehr hochwertigem Material hergestellt und f\u00fcr h\u00e4ufiges Spielen sehr geeignet. Der extra gro\u00dfe W\u00fcrfel ist f\u00fcr Kinder ein besonderes Highlight. Das sehr gro\u00dfe Spielbrett gibt den Kindern eine tolle \u00dcbersicht vom Zoo.<\/span><\/p>\n<p>[\/et_pb_text][\/et_pb_column][\/et_pb_row][et_pb_row _builder_version=&#8221;4.14.7&#8243; _module_preset=&#8221;default&#8221; global_colors_info=&#8221;{}&#8221;][et_pb_column type=&#8221;4_4&#8243; _builder_version=&#8221;4.14.7&#8243; _module_preset=&#8221;default&#8221; global_colors_info=&#8221;{}&#8221;][et_pb_image src=&#8221;https:\/\/linagames.de\/wp-content\/uploads\/2022\/02\/zoopanic_schachtel_final.jpg&#8221; title_text=&#8221;zoopanic_schachtel_final&#8221; _builder_version=&#8221;4.14.7&#8243; _module_preset=&#8221;default&#8221; global_colors_info=&#8221;{}&#8221;][\/et_pb_image][\/et_pb_column][\/et_pb_row][\/et_pb_section]<\/p>\n","protected":false},"excerpt":{"rendered":"<p>ZOOPANICInhalt: 22 Tierkarten 22 Pokalkarten 4 Zoow\u00e4rter Figuren 2 Auto Spielfiguren 1 gro\u00dfer W\u00fcrfel 1 Spielplan 1 Spielregeln Spieldauer: ca. 20 Min.2 bis 4 Spielerab 4 JahreDas SpielJemand hat \u00fcber Nacht vergessen, die K\u00e4fige im Zoo zu schlie\u00dfen. Die armen Tiere sind vor Schreck im Zoo umher gelaufen und sitzen jetzt in den falschen K\u00e4figen [&hellip;]<\/p>\n","protected":false},"author":1,"featured_media":0,"parent":0,"menu_order":0,"comment_status":"closed","ping_status":"closed","template":"","meta":{"_et_pb_use_builder":"on","_et_pb_old_content":"","_et_gb_content_width":"","footnotes":""},"class_list":["post-112","page","type-page","status-publish","hentry"],"yoast_head":"<!-- This site is optimized with the Yoast SEO plugin v22.1 - https:\/\/yoast.com\/wordpress\/plugins\/seo\/ -->\n<title>Zoopanic - We make it - you play it<\/title>\n<meta name=\"robots\" content=\"index, follow, max-snippet:-1, max-image-preview:large, max-video-preview:-1\" \/>\n<link rel=\"canonical\" href=\"https:\/\/linagames.de\/index.php\/zoopanic\/\" \/>\n<meta property=\"og:locale\" content=\"en_US\" \/>\n<meta property=\"og:type\" content=\"article\" \/>\n<meta property=\"og:title\" content=\"Zoopanic - We make it - you play it\" \/>\n<meta property=\"og:description\" content=\"ZOOPANICInhalt: 22 Tierkarten 22 Pokalkarten 4 Zoow\u00e4rter Figuren 2 Auto Spielfiguren 1 gro\u00dfer W\u00fcrfel 1 Spielplan 1 Spielregeln Spieldauer: ca. 20 Min.2 bis 4 Spielerab 4 JahreDas SpielJemand hat \u00fcber Nacht vergessen, die K\u00e4fige im Zoo zu schlie\u00dfen. Die armen Tiere sind vor Schreck im Zoo umher gelaufen und sitzen jetzt in den falschen K\u00e4figen [&hellip;]\" \/>\n<meta property=\"og:url\" content=\"https:\/\/linagames.de\/index.php\/zoopanic\/\" \/>\n<meta property=\"og:site_name\" content=\"We make it - you play it\" \/>\n<meta property=\"article:modified_time\" content=\"2022-02-01T15:31:46+00:00\" \/>\n<meta name=\"twitter:card\" content=\"summary_large_image\" \/>\n<script type=\"application\/ld+json\" class=\"yoast-schema-graph\">{\"@context\":\"https:\/\/schema.org\",\"@graph\":[{\"@type\":\"WebPage\",\"@id\":\"https:\/\/linagames.de\/index.php\/zoopanic\/\",\"url\":\"https:\/\/linagames.de\/index.php\/zoopanic\/\",\"name\":\"Zoopanic - We make it - you play it\",\"isPartOf\":{\"@id\":\"https:\/\/linagames.de\/#website\"},\"datePublished\":\"2022-02-01T10:46:10+00:00\",\"dateModified\":\"2022-02-01T15:31:46+00:00\",\"breadcrumb\":{\"@id\":\"https:\/\/linagames.de\/index.php\/zoopanic\/#breadcrumb\"},\"inLanguage\":\"en-US\",\"potentialAction\":[{\"@type\":\"ReadAction\",\"target\":[\"https:\/\/linagames.de\/index.php\/zoopanic\/\"]}]},{\"@type\":\"BreadcrumbList\",\"@id\":\"https:\/\/linagames.de\/index.php\/zoopanic\/#breadcrumb\",\"itemListElement\":[{\"@type\":\"ListItem\",\"position\":1,\"name\":\"Home\",\"item\":\"https:\/\/linagames.de\/\"},{\"@type\":\"ListItem\",\"position\":2,\"name\":\"Zoopanic\"}]},{\"@type\":\"WebSite\",\"@id\":\"https:\/\/linagames.de\/#website\",\"url\":\"https:\/\/linagames.de\/\",\"name\":\"We make it - you play it\",\"description\":\"Spiele f\u00fcr die Ganze Familie\",\"potentialAction\":[{\"@type\":\"SearchAction\",\"target\":{\"@type\":\"EntryPoint\",\"urlTemplate\":\"https:\/\/linagames.de\/?s={search_term_string}\"},\"query-input\":\"required name=search_term_string\"}],\"inLanguage\":\"en-US\"}]}<\/script>\n<!-- \/ Yoast SEO plugin. -->","yoast_head_json":{"title":"Zoopanic - We make it - you play it","robots":{"index":"index","follow":"follow","max-snippet":"max-snippet:-1","max-image-preview":"max-image-preview:large","max-video-preview":"max-video-preview:-1"},"canonical":"https:\/\/linagames.de\/index.php\/zoopanic\/","og_locale":"en_US","og_type":"article","og_title":"Zoopanic - We make it - you play it","og_description":"ZOOPANICInhalt: 22 Tierkarten 22 Pokalkarten 4 Zoow\u00e4rter Figuren 2 Auto Spielfiguren 1 gro\u00dfer W\u00fcrfel 1 Spielplan 1 Spielregeln Spieldauer: ca. 20 Min.2 bis 4 Spielerab 4 JahreDas SpielJemand hat \u00fcber Nacht vergessen, die K\u00e4fige im Zoo zu schlie\u00dfen. Die armen Tiere sind vor Schreck im Zoo umher gelaufen und sitzen jetzt in den falschen K\u00e4figen [&hellip;]","og_url":"https:\/\/linagames.de\/index.php\/zoopanic\/","og_site_name":"We make it - you play it","article_modified_time":"2022-02-01T15:31:46+00:00","twitter_card":"summary_large_image","schema":{"@context":"https:\/\/schema.org","@graph":[{"@type":"WebPage","@id":"https:\/\/linagames.de\/index.php\/zoopanic\/","url":"https:\/\/linagames.de\/index.php\/zoopanic\/","name":"Zoopanic - We make it - you play it","isPartOf":{"@id":"https:\/\/linagames.de\/#website"},"datePublished":"2022-02-01T10:46:10+00:00","dateModified":"2022-02-01T15:31:46+00:00","breadcrumb":{"@id":"https:\/\/linagames.de\/index.php\/zoopanic\/#breadcrumb"},"inLanguage":"en-US","potentialAction":[{"@type":"ReadAction","target":["https:\/\/linagames.de\/index.php\/zoopanic\/"]}]},{"@type":"BreadcrumbList","@id":"https:\/\/linagames.de\/index.php\/zoopanic\/#breadcrumb","itemListElement":[{"@type":"ListItem","position":1,"name":"Home","item":"https:\/\/linagames.de\/"},{"@type":"ListItem","position":2,"name":"Zoopanic"}]},{"@type":"WebSite","@id":"https:\/\/linagames.de\/#website","url":"https:\/\/linagames.de\/","name":"We make it - you play it","description":"Spiele f\u00fcr die Ganze Familie","potentialAction":[{"@type":"SearchAction","target":{"@type":"EntryPoint","urlTemplate":"https:\/\/linagames.de\/?s={search_term_string}"},"query-input":"required name=search_term_string"}],"inLanguage":"en-US"}]}},"_links":{"self":[{"href":"https:\/\/linagames.de\/index.php\/wp-json\/wp\/v2\/pages\/112","targetHints":{"allow":["GET"]}}],"collection":[{"href":"https:\/\/linagames.de\/index.php\/wp-json\/wp\/v2\/pages"}],"about":[{"href":"https:\/\/linagames.de\/index.php\/wp-json\/wp\/v2\/types\/page"}],"author":[{"embeddable":true,"href":"https:\/\/linagames.de\/index.php\/wp-json\/wp\/v2\/users\/1"}],"replies":[{"embeddable":true,"href":"https:\/\/linagames.de\/index.php\/wp-json\/wp\/v2\/comments?post=112"}],"version-history":[{"count":4,"href":"https:\/\/linagames.de\/index.php\/wp-json\/wp\/v2\/pages\/112\/revisions"}],"predecessor-version":[{"id":192,"href":"https:\/\/linagames.de\/index.php\/wp-json\/wp\/v2\/pages\/112\/revisions\/192"}],"wp:attachment":[{"href":"https:\/\/linagames.de\/index.php\/wp-json\/wp\/v2\/media?parent=112"}],"curies":[{"name":"wp","href":"https:\/\/api.w.org\/{rel}","templated":true}]}}