{"id":104,"date":"2022-02-01T10:37:39","date_gmt":"2022-02-01T10:37:39","guid":{"rendered":"https:\/\/linagames.de\/?page_id=104"},"modified":"2022-02-01T15:30:48","modified_gmt":"2022-02-01T15:30:48","slug":"das-spiegelei-spiel","status":"publish","type":"page","link":"https:\/\/linagames.de\/index.php\/das-spiegelei-spiel\/","title":{"rendered":"Das Spiegelei Spiel"},"content":{"rendered":"<p>[et_pb_section fb_built=&#8221;1&#8243; admin_label=&#8221;Hero&#8221; _builder_version=&#8221;4.14.7&#8243; background_color=&#8221;rgba(12,113,195,0.55)&#8221; use_background_color_gradient=&#8221;on&#8221; background_color_gradient_end=&#8221;#165d8c&#8221; background_color_gradient_direction=&#8221;271deg&#8221; background_image=&#8221;https:\/\/linagames.de\/wp-content\/uploads\/2022\/02\/Background_Header-scaled.jpg&#8221; background_blend=&#8221;multiply&#8221; locked=&#8221;off&#8221; global_colors_info=&#8221;{}&#8221;][et_pb_row make_equal=&#8221;on&#8221; _builder_version=&#8221;4.14.7&#8243; background_size=&#8221;initial&#8221; background_position=&#8221;top_left&#8221; background_repeat=&#8221;repeat&#8221; width=&#8221;100%&#8221; max_width=&#8221;100%&#8221; custom_margin=&#8221;|||&#8221; custom_padding=&#8221;|||&#8221; use_custom_width=&#8221;on&#8221; width_unit=&#8221;off&#8221; custom_width_percent=&#8221;100%&#8221; global_colors_info=&#8221;{}&#8221;][et_pb_column type=&#8221;4_4&#8243; _builder_version=&#8221;4.14.7&#8243; custom_padding=&#8221;60px|0px|100px||false|false&#8221; custom_padding_tablet=&#8221;20px|10%|0px|10%&#8221; custom_padding_phone=&#8221;20px|10%|0px|10%&#8221; custom_padding_last_edited=&#8221;on|desktop&#8221; global_colors_info=&#8221;{}&#8221; custom_padding__hover=&#8221;|||&#8221;][et_pb_text _builder_version=&#8221;4.14.7&#8243; _module_preset=&#8221;default&#8221; text_font=&#8221;Montserrat|900|||||||&#8221; text_text_color=&#8221;#FFFFFF&#8221; text_font_size=&#8221;62px&#8221; text_line_height=&#8221;0.2em&#8221; text_orientation=&#8221;center&#8221; custom_margin=&#8221;50px||||false|false&#8221; hover_enabled=&#8221;0&#8243; global_colors_info=&#8221;{}&#8221; text_font_size_last_edited=&#8221;on|tablet&#8221; text_font_size_tablet=&#8221;40px&#8221; sticky_enabled=&#8221;0&#8243; text_font_size_phone=&#8221;34px&#8221; content_last_edited=&#8221;on|phone&#8221; content_phone=&#8221;<\/p>\n<p><b>DAS SPIEGELEI <\/b><\/p>\n<p><b>SPIEL<\/b><\/p>\n<p>&#8221; content_tablet=&#8221;<\/p>\n<p><b>DAS SPIEGELEI SPIEL<\/b><\/p>\n<p>&#8220;]<\/p>\n<p><b>DAS SPIEGELEI SPIEL<\/b><\/p>\n<p>[\/et_pb_text][et_pb_divider color=&#8221;#79c9d2&#8243; divider_position=&#8221;center&#8221; divider_weight=&#8221;7px&#8221; _builder_version=&#8221;4.14.7&#8243; max_width=&#8221;90px&#8221; max_width_tablet=&#8221;13%&#8221; max_width_last_edited=&#8221;off|desktop&#8221; module_alignment=&#8221;center&#8221; custom_margin=&#8221;15px|||&#8221; custom_padding=&#8221;|||&#8221; locked=&#8221;off&#8221; global_colors_info=&#8221;{}&#8221;][\/et_pb_divider][\/et_pb_column][\/et_pb_row][\/et_pb_section][et_pb_section fb_built=&#8221;1&#8243; _builder_version=&#8221;4.14.7&#8243; _module_preset=&#8221;default&#8221; global_colors_info=&#8221;{}&#8221;][et_pb_row _builder_version=&#8221;4.14.7&#8243; _module_preset=&#8221;default&#8221; global_colors_info=&#8221;{}&#8221;][et_pb_column type=&#8221;4_4&#8243; _builder_version=&#8221;4.14.7&#8243; _module_preset=&#8221;default&#8221; global_colors_info=&#8221;{}&#8221;][et_pb_image src=&#8221;https:\/\/linagames.de\/wp-content\/uploads\/2022\/02\/web-Header_Spiegeleier-Spiel_250219-01_1920_700px.jpg&#8221; title_text=&#8221;web-Header_Spiegeleier-Spiel_250219-01_1920_700px&#8221; _builder_version=&#8221;4.14.7&#8243; _module_preset=&#8221;default&#8221; global_colors_info=&#8221;{}&#8221;][\/et_pb_image][\/et_pb_column][\/et_pb_row][\/et_pb_section][et_pb_section fb_built=&#8221;1&#8243; admin_label=&#8221;About&#8221; _builder_version=&#8221;4.14.7&#8243; custom_padding=&#8221;10px|0px|5px|0px|false|false&#8221; locked=&#8221;off&#8221; global_colors_info=&#8221;{}&#8221;][et_pb_row column_structure=&#8221;1_2,1_2&#8243; _builder_version=&#8221;4.14.7&#8243; _module_preset=&#8221;default&#8221; global_colors_info=&#8221;{}&#8221;][et_pb_column type=&#8221;1_2&#8243; _builder_version=&#8221;4.14.7&#8243; _module_preset=&#8221;default&#8221; global_colors_info=&#8221;{}&#8221;][et_pb_image src=&#8221;https:\/\/linagames.de\/wp-content\/uploads\/2022\/02\/web-Plakat_SpiegelEier-Spiel_250219-01_ohneLogo.jpg&#8221; title_text=&#8221;web-Plakat_SpiegelEier-Spiel_250219-01_ohneLogo&#8221; _builder_version=&#8221;4.14.7&#8243; _module_preset=&#8221;default&#8221; global_colors_info=&#8221;{}&#8221;][\/et_pb_image][et_pb_text _builder_version=&#8221;4.14.7&#8243; _module_preset=&#8221;default&#8221; text_font=&#8221;Montserrat|700|||||||&#8221; text_font_size=&#8221;30px&#8221; text_line_height=&#8221;1.2em&#8221; global_colors_info=&#8221;{}&#8221;]<\/p>\n<p>Der Clou<\/p>\n<p>[\/et_pb_text][et_pb_text admin_label=&#8221;description&#8221; _builder_version=&#8221;4.14.7&#8243; text_font=&#8221;||||||||&#8221; text_font_size=&#8221;16px&#8221; text_line_height=&#8221;1.8em&#8221; max_width_tablet=&#8221;89%&#8221; max_width_phone=&#8221;97%&#8221; max_width_last_edited=&#8221;off|desktop&#8221; custom_margin=&#8221;30px|||&#8221; custom_padding=&#8221;|||&#8221; global_colors_info=&#8221;{}&#8221;]<\/p>\n<p><span>Konnte ein Spieler eins seiner Eier in einem leeren Eierbecher unterbringen oder ein Ei in die Pfanne hauen, darf (allerdings kein Muss) der Spieler nochmal w\u00fcrfeln. Doch das Noch-einmal-W\u00fcrfeln birgt auch Risiken. Denn wenn z.B. die Eierbecher 1, 2, 3 und 4 schon besetzt sind, m\u00fcsste der Spieler eine 5 oder 6 w\u00fcrfeln, um ein weiteres seiner Eier loszuwerden. Sollte er jedoch beispielsweise eine 2 w\u00fcrfeln \u2013 in der bereits ein Ei liegt \u2013 muss der Spieler dieses Ei dort herausnehmen und in den eigenen Korb legen.<\/span><br \/><span>Deshalb sollte man sich gut \u00fcberlegen, ob man tats\u00e4chlich noch einmal w\u00fcrfeln m\u00f6chte, oder doch besser einfach den W\u00fcrfel weitergibt. Allerdings muss jeder, der an der Reihe ist, mindestens einmal gew\u00fcrfelt haben.<\/span><br \/><span>Gewinner des Spiegelei Spiels ist derjenige, der als erster alle seine Eier aus dem Korb losgeworden ist. Bei mehr als 2 Spielern kann man das Spiel solange fortsetzen, bis ein Verlierer feststeht. Verlierer ist der Spieler, der als Letzter noch mindestens 1 Ei in seinem Korb hat.<\/span><\/p>\n<p><span>Getestet von den unabh\u00e4ngigen und namhaften Spiele-Testportalen\u00a0<\/span><a target=\"_blank\" href=\"https:\/\/muttispielt.de\/spiegeleispiel\/\" rel=\"noopener noreferrer\">muttispielt.de<\/a><span>\u00a0und\u00a0<\/span><a target=\"_blank\" href=\"https:\/\/mama-und-co.de\/als-grossfamilie-zusammen-spielen\" rel=\"noopener noreferrer\">mama-und-co.de<\/a><span>.<\/span><\/p>\n<p><span>Tipp: Wenn j\u00fcngere Kinder mitspielen, empfiehlt sich der mit den Zahlen 1 bis 6 beschriftete W\u00fcrfel<\/span><\/p>\n<p>[\/et_pb_text][\/et_pb_column][et_pb_column type=&#8221;1_2&#8243; _builder_version=&#8221;4.14.7&#8243; _module_preset=&#8221;default&#8221; global_colors_info=&#8221;{}&#8221;][et_pb_text _builder_version=&#8221;4.14.7&#8243; _module_preset=&#8221;default&#8221; text_font=&#8221;Montserrat|700|||||||&#8221; text_font_size=&#8221;30px&#8221; text_line_height=&#8221;1.2em&#8221; global_colors_info=&#8221;{}&#8221;]<\/p>\n<p>Das Spiel<\/p>\n<p>[\/et_pb_text][et_pb_text admin_label=&#8221;description&#8221; _builder_version=&#8221;4.14.7&#8243; text_font=&#8221;||||||||&#8221; text_font_size=&#8221;16px&#8221; text_line_height=&#8221;1.8em&#8221; max_width_tablet=&#8221;89%&#8221; max_width_phone=&#8221;97%&#8221; max_width_last_edited=&#8221;off|desktop&#8221; custom_margin=&#8221;30px|||&#8221; custom_padding=&#8221;|||&#8221; global_colors_info=&#8221;{}&#8221;]<\/p>\n<p><span>Dieses ebenso lustige, wie spannende W\u00fcrfelspiel ist in Skandinavien bereits seit Jahren sehr bekannt und ebenso beliebt. Dort findet man es nicht nur in sehr vielen Haushalten, sondern sogar bereits in vielen Kinderg\u00e4rten. Das Spiegelei Spiel macht nicht nur Spa\u00df, sondern die Kinder lernen dabei auch spielend den Umgang mit Zahlen und strategisches Denken. Auch in einigen deutschen Kinderg\u00e4rten wurde das Spiel bereits erfolgreich mit viel Spa\u00df getestet und von den Kindern sehr gerne angenommen.<\/span><br \/><span>Durch seine recht einfache Spielweise und die absolut unkomplizierten Spielregeln k\u00f6nnen bereits kleine Kinder mitspielen. So ist es ein lustiger Spiel-Spa\u00df f\u00fcr die ganze Familie. Um kleineren Kindern das Spielen noch zu erleichtern, ist ein W\u00fcrfel dabei, der mit den Zahlen von 1 bis 6 beschriftet ist. Gr\u00f6\u00dfere Kinder oder Erwachsene k\u00f6nnen den mit Punkten gekennzeichneten W\u00fcrfel nutzen.<\/span><\/p>\n<p><span>Mitspielen k\u00f6nnen alle ab 3 Jahren, bis ins hohe Alter. Gedacht ist das Spiel f\u00fcr 2 bis 4 Spieler. Da das Spiegelei Spiel recht z\u00fcgig durchgespielt ist (meist in unter 15 Minuten) kann es auch gerne mal schnell zwischendurch gespielt werden. Man ben\u00f6tigt auch nicht viel Platz oder Zeit zum Aufbauen, um schnell mal 1, 2, 3 \u2013 brat dir ein Ei, ein Paar Eier in die Pfanne zu hauen.<\/span><\/p>\n<p>[\/et_pb_text][et_pb_text _builder_version=&#8221;4.14.7&#8243; _module_preset=&#8221;default&#8221; text_font=&#8221;Montserrat|700|||||||&#8221; text_font_size=&#8221;30px&#8221; text_line_height=&#8221;1.2em&#8221; global_colors_info=&#8221;{}&#8221;]<\/p>\n<p>Die Spielregeln<\/p>\n<p>[\/et_pb_text][et_pb_text admin_label=&#8221;description&#8221; _builder_version=&#8221;4.14.7&#8243; text_font=&#8221;||||||||&#8221; text_font_size=&#8221;16px&#8221; text_line_height=&#8221;1.8em&#8221; max_width_tablet=&#8221;89%&#8221; max_width_phone=&#8221;97%&#8221; max_width_last_edited=&#8221;off|desktop&#8221; custom_margin=&#8221;30px|||&#8221; custom_padding=&#8221;|||&#8221; global_colors_info=&#8221;{}&#8221;]<\/p>\n<p><span>Das Spiegelei Spiel ist nicht nur lustig und spannend sowie genial, sondern auch noch einfach zu spielen und lehrreich. Bei Spielbeginn erh\u00e4lt jeder Mitspieler die gleiche Anzahl Eier, die in seinen jeweils farblich gekennzeichneten Korb gelegt werden. Bei 2 Spielern erh\u00e4lt jeder zun\u00e4chst 8 Eier und ab 3 Spielern jeder anf\u00e4nglich 7 Eier. Gespielt und gew\u00fcrfelt wird immer abwechselnd und im Uhrzeigersinn.<\/span><\/p>\n<p><span>Bei einer gew\u00fcrfelten 1, 2, 3, 4 oder 5, darf der Spieler 1 Ei aus seinem Korb in den Eierbecher legen, der mit der entsprechenden \u2013 gew\u00fcrfelten \u2013 Zahl gekennzeichnet ist \u2013 allerdings nur, wenn der Eierbecher leer ist.<\/span><br \/><span>Wenn eine 6 gew\u00fcrfelt wird, darf der Spieler 1 Ei aus seinem Korb in die Pfanne \u2013 die mit der Zahl 6 gekennzeichnet ist \u2013 \u201ehauen\u201c und braten. Dadurch wird dieses Ei dann aus dem Spiel genommen.<\/span><br \/><span>Falls aber eine 1, 2, 3, 4 oder 5 gew\u00fcrfelt wird und im Eierbecher mit der entsprechenden Zahl liegt bereits ein Ei, muss der Spieler dieses Ei herausnehmen und dann in seinen eigenen Korb legen. Anschlie\u00dfend ist dann der n\u00e4chste Spieler an der Reihe.<\/span><\/p>\n<p>[\/et_pb_text][\/et_pb_column][\/et_pb_row][\/et_pb_section][et_pb_section fb_built=&#8221;1&#8243; admin_label=&#8221;About&#8221; _builder_version=&#8221;4.14.7&#8243; custom_padding=&#8221;10px|0px|100px|0px|false|false&#8221; locked=&#8221;off&#8221; global_colors_info=&#8221;{}&#8221;][et_pb_row column_structure=&#8221;1_2,1_2&#8243; _builder_version=&#8221;4.14.7&#8243; _module_preset=&#8221;default&#8221; global_colors_info=&#8221;{}&#8221;][et_pb_column type=&#8221;1_2&#8243; _builder_version=&#8221;4.14.7&#8243; _module_preset=&#8221;default&#8221; global_colors_info=&#8221;{}&#8221;][et_pb_image src=&#8221;https:\/\/linagames.de\/wp-content\/uploads\/2022\/02\/web_Spiegelei_5.jpg&#8221; title_text=&#8221;web_Spiegelei_5&#8243; _builder_version=&#8221;4.14.7&#8243; _module_preset=&#8221;default&#8221; global_colors_info=&#8221;{}&#8221;][\/et_pb_image][\/et_pb_column][et_pb_column type=&#8221;1_2&#8243; _builder_version=&#8221;4.14.7&#8243; _module_preset=&#8221;default&#8221; global_colors_info=&#8221;{}&#8221;][et_pb_image src=&#8221;https:\/\/linagames.de\/wp-content\/uploads\/2022\/02\/web_Spiegelei_Ruckseite2.jpg&#8221; title_text=&#8221;web_Spiegelei_R\u00fcckseite2&#8243; _builder_version=&#8221;4.14.7&#8243; _module_preset=&#8221;default&#8221; global_colors_info=&#8221;{}&#8221;][\/et_pb_image][\/et_pb_column][\/et_pb_row][\/et_pb_section]<\/p>\n","protected":false},"excerpt":{"rendered":"<p>DAS SPIEGELEI SPIELDer ClouKonnte ein Spieler eins seiner Eier in einem leeren Eierbecher unterbringen oder ein Ei in die Pfanne hauen, darf (allerdings kein Muss) der Spieler nochmal w\u00fcrfeln. Doch das Noch-einmal-W\u00fcrfeln birgt auch Risiken. Denn wenn z.B. die Eierbecher 1, 2, 3 und 4 schon besetzt sind, m\u00fcsste der Spieler eine 5 oder 6 [&hellip;]<\/p>\n","protected":false},"author":1,"featured_media":0,"parent":0,"menu_order":0,"comment_status":"closed","ping_status":"closed","template":"","meta":{"_et_pb_use_builder":"on","_et_pb_old_content":"","_et_gb_content_width":"","footnotes":""},"class_list":["post-104","page","type-page","status-publish","hentry"],"yoast_head":"<!-- This site is optimized with the Yoast SEO plugin v22.1 - https:\/\/yoast.com\/wordpress\/plugins\/seo\/ -->\n<title>Das Spiegelei Spiel - We make it - you play it<\/title>\n<meta name=\"robots\" content=\"index, follow, max-snippet:-1, max-image-preview:large, max-video-preview:-1\" \/>\n<link rel=\"canonical\" href=\"https:\/\/linagames.de\/index.php\/das-spiegelei-spiel\/\" \/>\n<meta property=\"og:locale\" content=\"en_US\" \/>\n<meta property=\"og:type\" content=\"article\" \/>\n<meta property=\"og:title\" content=\"Das Spiegelei Spiel - We make it - you play it\" \/>\n<meta property=\"og:description\" content=\"DAS SPIEGELEI SPIELDer ClouKonnte ein Spieler eins seiner Eier in einem leeren Eierbecher unterbringen oder ein Ei in die Pfanne hauen, darf (allerdings kein Muss) der Spieler nochmal w\u00fcrfeln. Doch das Noch-einmal-W\u00fcrfeln birgt auch Risiken. Denn wenn z.B. die Eierbecher 1, 2, 3 und 4 schon besetzt sind, m\u00fcsste der Spieler eine 5 oder 6 [&hellip;]\" \/>\n<meta property=\"og:url\" content=\"https:\/\/linagames.de\/index.php\/das-spiegelei-spiel\/\" \/>\n<meta property=\"og:site_name\" content=\"We make it - you play it\" \/>\n<meta property=\"article:modified_time\" content=\"2022-02-01T15:30:48+00:00\" \/>\n<meta name=\"twitter:card\" content=\"summary_large_image\" \/>\n<script type=\"application\/ld+json\" class=\"yoast-schema-graph\">{\"@context\":\"https:\/\/schema.org\",\"@graph\":[{\"@type\":\"WebPage\",\"@id\":\"https:\/\/linagames.de\/index.php\/das-spiegelei-spiel\/\",\"url\":\"https:\/\/linagames.de\/index.php\/das-spiegelei-spiel\/\",\"name\":\"Das Spiegelei Spiel - We make it - you play it\",\"isPartOf\":{\"@id\":\"https:\/\/linagames.de\/#website\"},\"datePublished\":\"2022-02-01T10:37:39+00:00\",\"dateModified\":\"2022-02-01T15:30:48+00:00\",\"breadcrumb\":{\"@id\":\"https:\/\/linagames.de\/index.php\/das-spiegelei-spiel\/#breadcrumb\"},\"inLanguage\":\"en-US\",\"potentialAction\":[{\"@type\":\"ReadAction\",\"target\":[\"https:\/\/linagames.de\/index.php\/das-spiegelei-spiel\/\"]}]},{\"@type\":\"BreadcrumbList\",\"@id\":\"https:\/\/linagames.de\/index.php\/das-spiegelei-spiel\/#breadcrumb\",\"itemListElement\":[{\"@type\":\"ListItem\",\"position\":1,\"name\":\"Home\",\"item\":\"https:\/\/linagames.de\/\"},{\"@type\":\"ListItem\",\"position\":2,\"name\":\"Das Spiegelei Spiel\"}]},{\"@type\":\"WebSite\",\"@id\":\"https:\/\/linagames.de\/#website\",\"url\":\"https:\/\/linagames.de\/\",\"name\":\"We make it - you play it\",\"description\":\"Spiele f\u00fcr die Ganze Familie\",\"potentialAction\":[{\"@type\":\"SearchAction\",\"target\":{\"@type\":\"EntryPoint\",\"urlTemplate\":\"https:\/\/linagames.de\/?s={search_term_string}\"},\"query-input\":\"required name=search_term_string\"}],\"inLanguage\":\"en-US\"}]}<\/script>\n<!-- \/ Yoast SEO plugin. -->","yoast_head_json":{"title":"Das Spiegelei Spiel - We make it - you play it","robots":{"index":"index","follow":"follow","max-snippet":"max-snippet:-1","max-image-preview":"max-image-preview:large","max-video-preview":"max-video-preview:-1"},"canonical":"https:\/\/linagames.de\/index.php\/das-spiegelei-spiel\/","og_locale":"en_US","og_type":"article","og_title":"Das Spiegelei Spiel - We make it - you play it","og_description":"DAS SPIEGELEI SPIELDer ClouKonnte ein Spieler eins seiner Eier in einem leeren Eierbecher unterbringen oder ein Ei in die Pfanne hauen, darf (allerdings kein Muss) der Spieler nochmal w\u00fcrfeln. Doch das Noch-einmal-W\u00fcrfeln birgt auch Risiken. Denn wenn z.B. die Eierbecher 1, 2, 3 und 4 schon besetzt sind, m\u00fcsste der Spieler eine 5 oder 6 [&hellip;]","og_url":"https:\/\/linagames.de\/index.php\/das-spiegelei-spiel\/","og_site_name":"We make it - you play it","article_modified_time":"2022-02-01T15:30:48+00:00","twitter_card":"summary_large_image","schema":{"@context":"https:\/\/schema.org","@graph":[{"@type":"WebPage","@id":"https:\/\/linagames.de\/index.php\/das-spiegelei-spiel\/","url":"https:\/\/linagames.de\/index.php\/das-spiegelei-spiel\/","name":"Das Spiegelei Spiel - We make it - you play it","isPartOf":{"@id":"https:\/\/linagames.de\/#website"},"datePublished":"2022-02-01T10:37:39+00:00","dateModified":"2022-02-01T15:30:48+00:00","breadcrumb":{"@id":"https:\/\/linagames.de\/index.php\/das-spiegelei-spiel\/#breadcrumb"},"inLanguage":"en-US","potentialAction":[{"@type":"ReadAction","target":["https:\/\/linagames.de\/index.php\/das-spiegelei-spiel\/"]}]},{"@type":"BreadcrumbList","@id":"https:\/\/linagames.de\/index.php\/das-spiegelei-spiel\/#breadcrumb","itemListElement":[{"@type":"ListItem","position":1,"name":"Home","item":"https:\/\/linagames.de\/"},{"@type":"ListItem","position":2,"name":"Das Spiegelei Spiel"}]},{"@type":"WebSite","@id":"https:\/\/linagames.de\/#website","url":"https:\/\/linagames.de\/","name":"We make it - you play it","description":"Spiele f\u00fcr die Ganze Familie","potentialAction":[{"@type":"SearchAction","target":{"@type":"EntryPoint","urlTemplate":"https:\/\/linagames.de\/?s={search_term_string}"},"query-input":"required name=search_term_string"}],"inLanguage":"en-US"}]}},"_links":{"self":[{"href":"https:\/\/linagames.de\/index.php\/wp-json\/wp\/v2\/pages\/104","targetHints":{"allow":["GET"]}}],"collection":[{"href":"https:\/\/linagames.de\/index.php\/wp-json\/wp\/v2\/pages"}],"about":[{"href":"https:\/\/linagames.de\/index.php\/wp-json\/wp\/v2\/types\/page"}],"author":[{"embeddable":true,"href":"https:\/\/linagames.de\/index.php\/wp-json\/wp\/v2\/users\/1"}],"replies":[{"embeddable":true,"href":"https:\/\/linagames.de\/index.php\/wp-json\/wp\/v2\/comments?post=104"}],"version-history":[{"count":4,"href":"https:\/\/linagames.de\/index.php\/wp-json\/wp\/v2\/pages\/104\/revisions"}],"predecessor-version":[{"id":191,"href":"https:\/\/linagames.de\/index.php\/wp-json\/wp\/v2\/pages\/104\/revisions\/191"}],"wp:attachment":[{"href":"https:\/\/linagames.de\/index.php\/wp-json\/wp\/v2\/media?parent=104"}],"curies":[{"name":"wp","href":"https:\/\/api.w.org\/{rel}","templated":true}]}}